{"id":911,"date":"2025-05-02T15:14:55","date_gmt":"2025-05-02T15:14:55","guid":{"rendered":"https:\/\/antn.pt\/?page_id=911"},"modified":"2026-02-04T15:59:18","modified_gmt":"2026-02-04T15:59:18","slug":"o-convidador-de-pirilampos","status":"publish","type":"page","link":"http:\/\/antn.pt\/en\/projetos\/festival-la-1\/o-convidador-de-pirilampos\/","title":{"rendered":"O Convidador de Pirilampos"},"content":{"rendered":"\n\n\n<h4>FESTIVAL LA-1<br><\/h4>\n<h4><span style=\"font-size: large;\"><p style=\"color:#7f747487;\"><strong>1\u00aa EDI\u00c7\u00c3O | 20 a 22 fev 2026 | GR\u00c2NDOLA<\/strong><br><\/p><\/span><\/h4>\n\n\n\n\n\n<span style=\"color:#000000;\"><p style=\"text-align:left\"><span style=\"font-size:small;\">TEATRO | DESENHO DIGITAL AO VIVO | M\u00daSICA<strong><br>S\u00c1BADO, 21 FEV 2026 | 10H30<\/strong><br>CINE GRANADEIRO, GR\u00c2NDOLA<br>M\/6 | ENTRADA LIVRE<br>45 MINUTOS<\/span><\/p><\/span>\n\n\n<p style=\"text-align: justify; color:black;font-family: Roboto; font-size: small;\"><strong>O CONVIDADOR DE PIRILAMPOS<\/strong><strong><br><\/strong><br>Como \u00e9 que as imagens de um livro podem ganhar vida num palco? \u201cO Convidador de Pirilampos\u201d \u00e9 uma hist\u00f3ria \u201csem luz el\u00e9trica\u201d, vizinha dos mist\u00e9rios da natureza e do humano, da luz e da noite, do medo e do espanto. Agora vamos ver e ouvir um menino que gostava de passear na Floresta Grande, \u201cmesmo quando j\u00e1 fazia quase-escuro\u201d. \u00c9 um menino muito curioso, que gosta de \u201ccientistar\u201d coisas, verbo que designa o que os cientistas e os inventores e as crian\u00e7as fazem: \u201ccientistam\u201d as coisas, os animais, o mundo. Este menino inventou, por exemplo, um \u201caumentador de caminhos\u201d e um \u201cconvidador de pirilampos\u201d. E, de caminho, vai aprender a ser amigo do escuro. Um sonho sonhado em palavras, imagens e sons, num palco coberto por uma escurid\u00e3o assustadora e bonita.<\/p>\n<p style=\"text-align: justify; color:black;font-family: Roboto; font-size: small;\"><strong>ANT\u00d3NIO JORGE GON\u00c7ALVES [PT]<\/strong><br><br>Nasceu em Lisboa. Licenciou-se em Design de Comunica\u00e7\u00e3o em Lisboa (Escola Superior de Belas-Artes) e fez um mestrado em Cenografia de Teatro em Londres (Slade School of Fine Art), onde foi bolseiro da Funda\u00e7\u00e3o Calouste Gulbenkian. Lecionou Espa\u00e7os Performativos no Mestrado em Artes C\u00e9nicas (FSCH, Lisboa). Autor de Novelas Gr\u00e1ficas publicadas e expostas em Portugal, Austr\u00e1lia, B\u00e9lgica, Brasil, Fran\u00e7a, Macau, Espanha, Coreia do Sul, e Reino Unido. Fez cenografia para teatro, trabalhando com v\u00e1rios encenadores. Atrav\u00e9s do Desenho Digital em Tempo Real e da manipula\u00e7\u00e3o de objetos em Retroprojetor de Transpar\u00eancias, tem protagonizado diversas a\u00e7\u00f5es performativas com m\u00fasicos, atores e bailarinos em Portugal, Fran\u00e7a, Alemanha, EUA e Jap\u00e3o. Criou o projeto Subway Life, desenhando pessoas sentadas no Metro, que foi apresentado num website premiado, num livro editado pela Ass\u00edrio &#038; Alvim, e atrav\u00e9s de exposi\u00e7\u00e3o em circula\u00e7\u00e3o pelo pa\u00eds. Faz semanalmente cartoon pol\u00edtico para o Inimigo P\u00fablico (jornal P\u00fablico), tendo tamb\u00e9m publicado no Le Monde e Courrier Internacional, e tendo sido premiado no World Press Cartoon. Pr\u00e9mio Nacional de Ilustra\u00e7\u00e3o 2014 com o livro \u201cUma Escurid\u00e3o Bonita\u201d (Ondjaki).<\/p>\n\n\n\n\n\n\n\n\n\n\n\n\n\n<p style=\"text-align:justify; text-justify:inter-word; margin:0; line-height:1;\">\n<span style=\"color:#000000; font-size: 10px;\">texto <strong>ONDJAKI <\/strong>| encena\u00e7\u00e3o <strong>ANT\u00d3NIO JORGE GON\u00c7ALVES<\/strong> | realiza\u00e7\u00e3o pl\u00e1stica <strong>ANT\u00d3NIO JORGE GON\u00c7ALVES <\/strong>e <strong>PAULA DELECAVE <\/strong>| interpreta\u00e7\u00e3o <strong>CL\u00c1UDIA SEMEDO<\/strong> (narradora) e <strong>JOS\u00c9 CONDE<\/strong> (clarinete baixo e m\u00fasica original) | produ\u00e7\u00e3o executiva <strong>NUNO PRATAS<\/strong> | fotografia <strong>RUI CARLOS MATEUS<\/strong> e <strong>ANT\u00d3NIO JORGE GON\u00c7ALVES<\/strong><\/span><\/p>\n\n\n\n\n\n\n\n\n\n\n<span style=\"font-size:small;\"><span style=\"\"><span data-pts=\"\">Com texto<\/span><\/span><\/span>\n<span style=\"font-size:small;\"><span style=\"\"><span data-pts=\"\">Acess\u00edvel a todos<\/span><\/span><\/span>\n\n\n\n\n\n\n\n\n\n\n\n\n\n\n\n\n\n<div pagelayer-id=\"jlk8679\" class=\"p-jlk8679 pagelayer-video pagelayer-ele\" pagelayer-tag=\"pl_video\"><!-- {\"attr\":{\"src\":\"\",\"video_ratio\":\"aspect-8-5\",\"overlay\":\"true\",\"video_overlay_image\":250,\"play_icon\":\"fas fa-play-circle\",\"icon_color\":\"#74c493ff\",\"icon_size\":\"80\"},\"tmp\":{\"video_overlay_image-full-url\":\"https:\/\/antn.pt\/wp-content\/uploads\/2024\/10\/6_cieLimmediate.jpg\",\"video_overlay_image-thumbnail-url\":\"https:\/\/antn.pt\/wp-content\/uploads\/2024\/10\/6_cieLimmediate-150x150.jpg\",\"video_overlay_image-medium-url\":\"https:\/\/antn.pt\/wp-content\/uploads\/2024\/10\/6_cieLimmediate-300x200.jpg\",\"video_overlay_image-medium_large-url\":\"https:\/\/antn.pt\/wp-content\/uploads\/2024\/10\/6_cieLimmediate-768x512.jpg\",\"video_overlay_image-large-url\":\"https:\/\/antn.pt\/wp-content\/uploads\/2024\/10\/6_cieLimmediate-1024x683.jpg\",\"video_overlay_image-1536x1536-url\":\"https:\/\/antn.pt\/wp-content\/uploads\/2024\/10\/6_cieLimmediate.jpg\",\"video_overlay_image-2048x2048-url\":\"https:\/\/antn.pt\/wp-content\/uploads\/2024\/10\/6_cieLimmediate.jpg\",\"video_overlay_image-url\":\"https:\/\/antn.pt\/wp-content\/uploads\/2024\/10\/6_cieLimmediate.jpg\",\"video_overlay_image-alt\":\"LA L\u00c9VITATION R\u00c9ELLE\",\"video_overlay_image-title\":\"LA L\u00c9VITATION R\u00c9ELLE\",\"video_overlay_image-link\":\"https:\/\/antn.pt\/6_cielimmediate\/\",\"video_overlay_image-caption\":\"\",\"ele_id\":\"jlk8679\"}} -->\n<div class=\"pagelayer-video-holder pagelayer-video-aspect-8-5\">\n\t\t\t\n\t\t\t\n\t\t\t\t<div class=\"pagelayer-video-overlay\" style=\"background-image:url(https:\/\/antn.pt\/wp-content\/uploads\/2024\/10\/6_cieLimmediate.jpg);\">\n\t\t\t\t\t<i class=\"fas fa-play-circle\" aria-hidden=\"true\"><\/i>\n\t\t\t\t<\/div>\n\t\t\t\n\t\t<\/div><\/div>\n\n\n\n\n\n\n\n\n\n\n\n\n\n\n\n\n\n<p style=\"text-align: justify; color:black;font-family: Roboto; font-size: small;\"><strong>OFICINA DESENHO COM PERNAS<\/strong><strong><br><\/strong><br>Nesta oficina, vamos explorar a rela\u00e7\u00e3o entre sombras e movimento atrav\u00e9s da constru\u00e7\u00e3o de marionetas. Partindo dos personagens preferidos de cada participante, descobrimos como dar-lhes pernas, ritmo e express\u00e3o e depois anim\u00e1-los no retroprojetor. O processo envolve imagina\u00e7\u00e3o, humor e recorte, estimulando a criatividade e a narrativa visual.<br><span style=\"font-variant:small-caps; font-variant-caps:small-caps;\">Monitora <strong>paula delecave <\/strong><\/span><br><\/p>\n<span style=\"color:#000000;\"><p style=\"text-align:right\"><span style=\"font-size:small;\"><span style=\"\">Universidade S\u00e9nior<\/span><\/span><span style=\"font-size:small;\">, Gr\u00e2ndola<strong><br>s\u00e1bado, 21 fev 2026 | 11h30<\/strong><br>lota\u00e7\u00e3o m\u00e1xima 17 participantes | m\/6 | 60 minutos<\/span><\/p><\/span>\n\n<p style=\"text-align: right; color: rgb(136, 136, 136); font-family: Roboto; font-size: 11px;\">ou copie o nosso endere\u00e7o de email : oficinas.antn@gmail.com<\/p>\n\n\n\n\n\n\n\n\n\n<p style=\"text-align: justify; color:black;font-family: Roboto; font-size: small;\"><strong>PAULA DELECAVE<br><\/strong>Nasceu no Rio de Janeiro e reside em Lisboa. \u00c9 designer, ilustradora e atriz. Utiliza a colagem como linguagem gr\u00e1fica privilegiada e trabalhou para revistas e editoras no Rio de Janeiro e em S\u00e3o Paulo. O seu trabalho na exposi\u00e7\u00e3o Favelit\u00e9 (Ano do Brasil em Fran\u00e7a, 2005) \u2013 Mostra Panorama Sobre a Favela na Esta\u00e7\u00e3o RER Luxemburgo (Paris) ganhou uma Men\u00e7\u00e3o Honrosa atribu\u00edda pela Associa\u00e7\u00e3o de Designers Gr\u00e1ficos do Brasil, Bienal de Design Gr\u00e1fico (2008). Ilustrou o livro \u201cQue aventura ser Matilde\u201d, da Associa\u00e7\u00e3o Pais-em-Rede, com texto de Rui Zink (Lisboa, 2015) e \u201cQuando Jo\u00e3o Ficou Sem Palavras\u201d, da Editora Mem\u00f3ria Visual, com texto de Ana Helena Rotta Soares (Rio de Janeiro, 2017). \u00c9 formada em Teatro pela Casa das Artes de Laranjeiras (Rio de Janeiro, 1997). Trabalhou como atriz, cen\u00f3grafa e assistente de dire\u00e7\u00e3o em performances no Rio de Janeiro, S\u00e3o Paulo e Lisboa. Concluiu, em 2017, uma p\u00f3s-gradua\u00e7\u00e3o em Livro Infantil na Universidade Cat\u00f3lica de Lisboa. Desenvolveu, em parceria com Ant\u00f3nio Jorge Gon\u00e7alves, em Portugal, os espet\u00e1culos \u201cO Convidador de Pirilampos\u201d, a partir do livro de Ondjaki e Frutosc\u00f3pio\u201d, uma brincadeira de cientista com cascas, polpas, sementes e folhagens. Realiza regularmente oficinas de constru\u00e7\u00e3o de livros de fam\u00edlia em Portugal e no Rio de Janeiro.<\/p>\n\n\n\n\n\n\n\n\n<p style=\"font-size: x-small; text-align: center;\"><strong>FINANCIADO POR<\/strong><\/p>\n\n\n\n\n\n\n\n\n\n\n\n\n\n\n\n\n\n<p style=\"font-size: x-small; text-align: center;\"><strong>COM O APOIO DE<\/strong><\/p>\n\n\n\n\n\n\n\n\n<p style=\"font-size: x-small; text-align: center;\"><strong>PARCEIROS<\/strong><\/p>\n\n\n\n\n\n\n\n\n\n\n\n\n","protected":false},"excerpt":{"rendered":"","protected":false},"author":1,"featured_media":0,"parent":245,"menu_order":0,"comment_status":"closed","ping_status":"closed","template":"","meta":{"pagelayer_contact_templates":[],"_pagelayer_content":"","footnotes":""},"class_list":["post-911","page","type-page","status-publish","hentry"],"_links":{"self":[{"href":"http:\/\/antn.pt\/en\/wp-json\/wp\/v2\/pages\/911","targetHints":{"allow":["GET"]}}],"collection":[{"href":"http:\/\/antn.pt\/en\/wp-json\/wp\/v2\/pages"}],"about":[{"href":"http:\/\/antn.pt\/en\/wp-json\/wp\/v2\/types\/page"}],"author":[{"embeddable":true,"href":"http:\/\/antn.pt\/en\/wp-json\/wp\/v2\/users\/1"}],"replies":[{"embeddable":true,"href":"http:\/\/antn.pt\/en\/wp-json\/wp\/v2\/comments?post=911"}],"version-history":[{"count":10,"href":"http:\/\/antn.pt\/en\/wp-json\/wp\/v2\/pages\/911\/revisions"}],"predecessor-version":[{"id":1806,"href":"http:\/\/antn.pt\/en\/wp-json\/wp\/v2\/pages\/911\/revisions\/1806"}],"up":[{"embeddable":true,"href":"http:\/\/antn.pt\/en\/wp-json\/wp\/v2\/pages\/245"}],"wp:attachment":[{"href":"http:\/\/antn.pt\/en\/wp-json\/wp\/v2\/media?parent=911"}],"curies":[{"name":"wp","href":"https:\/\/api.w.org\/{rel}","templated":true}]}}