{"id":1110,"date":"2025-06-01T12:54:35","date_gmt":"2025-06-01T12:54:35","guid":{"rendered":"https:\/\/antn.pt\/?page_id=1110"},"modified":"2025-06-02T08:33:13","modified_gmt":"2025-06-02T08:33:13","slug":"sombras","status":"publish","type":"page","link":"https:\/\/antn.pt\/en\/colaboracoes\/colaboracoes-nacionais\/sombras\/","title":{"rendered":"Sombras"},"content":{"rendered":"<h4>SOMBRAS<\/h4>\n<h4><span style=\"font-size: large;\"><p style=\"color:#7f747487;\"><strong>DE S\u00c9RGIO FERNANDES&nbsp;<\/strong><br><\/p><\/span><\/h4>\n\n\n\n\n\n\n\n\n\n<p style=\"text-align: justify; color: white; font-family: Roboto; font-size: small;\"><strong>SOMBRAS <\/strong><strong>uma reflex\u00e3o sobre as emo\u00e7\u00f5es de uma v\u00edtima de viol\u00eancia dom\u00e9stica.\n<\/strong><br><br>Seguindo um estilo de encena\u00e7\u00e3o que tem sido caracter\u00edstico do TEATRO S\u00d3, <strong>SOMBRAS<\/strong> prop\u00f5e uma reflex\u00e3o sobre o mundo emocional de uma v\u00edtima de viol\u00eancia dom\u00e9stica. <br>Sendo o teatro de rua, por natureza, acess\u00edvel e popular, a dire\u00e7\u00e3o art\u00edstica, contudo, sempre optou pela abordagem de temas de dif\u00edcil teor de entretenimento e socialmente estigmatizados, procurando trazer uma dimens\u00e3o pedag\u00f3gica e redentora. <br>Nas duas pe\u00e7as anteriores &#8211; SOMENTE e SORRISO \u2013 os temas da solid\u00e3o e velhice d\u00e3o express\u00e3o a um espet\u00e1culo interventivo, promovendo a reflex\u00e3o no p\u00fablico, por via da poesia visual. Estes temas, que s\u00e3o assim resgatados \u00e0 arena sociol\u00f3gica, s\u00e3o encenados sem palavra e entregues ao p\u00fablico que a eles tem acesso por via de uma coreografia melodram\u00e1tica onde a gram\u00e1tica das emo\u00e7\u00f5es vence a eloqu\u00eancia do texto. \u00c9 justamente neste contexto que \u00e9 agora trazido a cena <strong>SOMBRAS<\/strong>, um trabalho que resulta de uma longa pesquisa envolvendo casas de acolhimento, conversas com psic\u00f3logos e v\u00edtimas. \n<br>As a\u00e7\u00f5es teatrais foram constru\u00eddas a partir de experi\u00eancias relatadas. Ao inv\u00e9s da representa\u00e7\u00e3o da viol\u00eancia, opt\u00e1mos por exprimir as emo\u00e7\u00f5es e a\u00e7\u00f5es \u00edntimas da v\u00edtima. <br><br><strong>SOMBRAS<\/strong> pretende ser uma abordagem intimista, anterior ao exame moral, fazendo do p\u00fablico testemunha involunt\u00e1ria daquilo que n\u00e3o tem lugar na rua: o desconsolo e o desespero de uma v\u00edtima.<br>\nA abordagem de um tema t\u00e3o delicado como este, num ambiente de espet\u00e1culo de rua, executado em andas e com um exuberante guarda-roupa \u00e9 tamb\u00e9m o exorcismo de um velho tabu, de que &#8220;entre marido e mulher n\u00e3o se mete a colher&#8221;. <br>No meio da rua, <strong>SOMBRAS<\/strong> \u00e9 a proposta de um itiner\u00e1rio emocional que visa a reden\u00e7\u00e3o pessoal e a reconquista de si mesmo. <\/p>\n\n\n\n\n\n\n\n<strong>FICHA ART\u00cdSTICA<\/strong><br>encena\u00e7\u00e3o e dramaturgia <strong>S\u00c9RGIO FERNANDES&nbsp;<\/strong><strong>| <\/strong>interpreta\u00e7\u00e3o<strong>&nbsp;<\/strong><strong>ANA GABRIEL | <\/strong>composi\u00e7\u00e3o musical&nbsp;<strong>FERDINAND BRIEL&nbsp;<\/strong><strong>| <\/strong>cenografia <strong>T\u00d3 QUINTAS <\/strong>| figurinos&nbsp;<strong>ANA BALEIA | <\/strong>m\u00e1scara <strong>NUNO PINTO CUST\u00d3DIO <\/strong>e<strong> S\u00c9RGIO FERNANDES |&nbsp;<\/strong>olhares exteriores <strong>ANNA TOEWS<\/strong>, <strong>BEATRIZ CANTINH<\/strong>O e <strong>PEDRO DIOGO<\/strong> | opera\u00e7\u00e3o t\u00e9cnica <strong>JO\u00c3O VEIGA<\/strong> | v\u00eddeo <strong>CATARINA BARATA<\/strong> e <strong>PAVEL TAVARES<\/strong> | apoios <strong>DGARTES\/REP\u00daBLICA PORTUGUESA Cultura, CULTIVAMOS CULTURA, JUNTA DE FREGUESIA DE S\u00c3O LU\u00cdS, ESCOLA DE ARTES DE SINES E ATENEU DO 14<\/strong><strong><br><br><a href=\"https:\/\/teatro-so.com\/new\/sombra-3\/\">WWW.TEATRO-SO.COM<\/strong><\/a>\n\n\n\n\n\n\n\n<p style=\"text-align: justify; color: white; font-family: Roboto; font-size: small;\">Dura\u00e7\u00e3o: 45 minutos<br>\nP\u00fablico: dos 7 aos 77<br>\nLota\u00e7\u00e3o: 300 pessoas<\/p>","protected":false},"excerpt":{"rendered":"","protected":false},"author":1,"featured_media":0,"parent":1084,"menu_order":0,"comment_status":"closed","ping_status":"closed","template":"","meta":{"pagelayer_contact_templates":[],"_pagelayer_content":"","footnotes":""},"class_list":["post-1110","page","type-page","status-publish","hentry"],"_links":{"self":[{"href":"https:\/\/antn.pt\/en\/wp-json\/wp\/v2\/pages\/1110","targetHints":{"allow":["GET"]}}],"collection":[{"href":"https:\/\/antn.pt\/en\/wp-json\/wp\/v2\/pages"}],"about":[{"href":"https:\/\/antn.pt\/en\/wp-json\/wp\/v2\/types\/page"}],"author":[{"embeddable":true,"href":"https:\/\/antn.pt\/en\/wp-json\/wp\/v2\/users\/1"}],"replies":[{"embeddable":true,"href":"https:\/\/antn.pt\/en\/wp-json\/wp\/v2\/comments?post=1110"}],"version-history":[{"count":0,"href":"https:\/\/antn.pt\/en\/wp-json\/wp\/v2\/pages\/1110\/revisions"}],"up":[{"embeddable":true,"href":"https:\/\/antn.pt\/en\/wp-json\/wp\/v2\/pages\/1084"}],"wp:attachment":[{"href":"https:\/\/antn.pt\/en\/wp-json\/wp\/v2\/media?parent=1110"}],"curies":[{"name":"wp","href":"https:\/\/api.w.org\/{rel}","templated":true}]}}