{"id":1134,"date":"2025-06-02T08:52:06","date_gmt":"2025-06-02T08:52:06","guid":{"rendered":"https:\/\/antn.pt\/?page_id=1134"},"modified":"2025-06-02T10:46:23","modified_gmt":"2025-06-02T10:46:23","slug":"valvula","status":"publish","type":"page","link":"https:\/\/antn.pt\/en\/colaboracoes\/colaboracoes-nacionais\/valvula\/","title":{"rendered":"V\u00e1lvula"},"content":{"rendered":"\n\n\n<h4>V\u00c1LVULA<\/h4>\n<h4><span style=\"font-size: large;\"><p style=\"color:#7f747487;\"><strong>DE ANT\u00d3NIO JORGE GON\u00c7ALVES | LBC SOLDJAH<\/strong><\/p><\/span><\/h4>\n\n\n\n\n\n\n\n\n\n<p style=\"text-align: justify; color: white; font-family: Roboto; font-size: small;\"><strong>V\u00c1LVULA <\/strong>\u00e9 uma palestra-concerto a partir da hist\u00f3ria do <em>Graffiti <\/em>por Ant\u00f3nio Jorge Gon\u00e7alves e LBC Soldjah.<br>\n<strong>V\u00c1LVULA <\/strong>\u00e9 um espet\u00e1culo para adolescentes, jovens e adultos que parte da hist\u00f3ria do <em>Graffitti<\/em> para nos levar numa viagem com diversas perguntas:<br><br>Porque desenhamos nas paredes desde h\u00e1 milhares de anos? \nS\u00e3o esses tra\u00e7os transgress\u00e3o ou arte, comunica\u00e7\u00e3o ou ocupa\u00e7\u00e3o? Pode a desobedi\u00eancia ser leg\u00edtima?<br><br> \nNesta performance inclassific\u00e1vel &#8211; meio palestra, meio concerto de hip hop &#8211; o desenhador <strong>Ant\u00f3nio Jorge Gon\u00e7alves<\/strong> guia-nos com palavras e desenhos pelos riscos que ca\u00e7adores-recoletores fizeram nas rochas h\u00e1 30.000 anos, pelas anota\u00e7\u00f5es desenhadas dos romanos nas paredes das casas em Pompeia, e pelos murais mexicanos de h\u00e1 100 anos, enquanto o MC e ativista<strong> Fl\u00e1vio Almada <\/strong>aka <strong>LBC Soldjah<\/strong> nos leva com palavras e m\u00fasica at\u00e9 \u00e0s contradi\u00e7\u00f5es sociais das nossas cidades.<br> Tudo para podermos compreender as pinturas a lata de spray que enchem em sobressalto os nossos muros. Sem condescend\u00eancia, o espet\u00e1culo atravessa v\u00e1rios temas numa perspetiva que est\u00e1 para l\u00e1 do julgamento.  \n<\/p>\n\n\n\n\n\n\n\n<strong>FICHA ART\u00cdSTICA<\/strong><br>cria\u00e7\u00e3o&nbsp;<strong>ANT\u00d3NIO JORGE GON\u00c7ALVES e FL\u00c1VIO ALMADA&nbsp;<\/strong><strong>| <\/strong>interpreta\u00e7\u00e3o<strong>&nbsp;<\/strong><strong>ANT\u00d3NIO JORGE GON\u00c7ALVES [palavras e desenho digital] e LBC SOLDJAH [palavras e m\u00fasica] | <\/strong>dire\u00e7\u00e3o e produ\u00e7\u00e3o musical&nbsp;<strong>RAS M&nbsp;<\/strong><strong>| <\/strong>DJ&nbsp;<strong>ERRY G&nbsp;<\/strong>| espa\u00e7o c\u00e9nico&nbsp;<strong>ANT\u00d3NIO JORGE GON\u00c7ALVES | <\/strong>fotografia<strong> RUI CARLOS MATEUS |&nbsp;<\/strong>produ\u00e7\u00e3o&nbsp;<strong>CULTURPROJECT<\/strong><strong>&nbsp;|&nbsp;<\/strong>uma encomenda&nbsp;<strong>LU.CA &#8211; TEATRO LU\u00cdS DE CAM\u00d5ES<\/strong><a href=\"https:\/\/www.antoniojorgegoncalves.com\/performance\"><strong><br><br>WWW.ANTONIOJORGEGONCALVES.COM<\/strong><\/a>\n\n\n\n\n\n\n\n<p style=\"text-align: justify; color: white; font-family: Roboto; font-size: small;\"><strong>Temas abordados<\/strong><br>\nO nascimento da arte [as pinturas rupestres do Paleol\u00edtico, as gravuras do Vale do C\u00f4a]; Defini\u00e7\u00e3o e hist\u00f3ria do Graffiti [da antiguidade cl\u00e1ssica \u00e0 atualidade, passando pelas inscri\u00e7\u00f5es romanas, safaicas, e runas vikings]; A cultura Hip-Hop [da Nova Iorque dos anos 60 do s\u00e9c. XX at\u00e9 aos dias de hoje, o legado de Afrika Bambaataa]; Marcas e s\u00edmbolos [significados e interpreta\u00e7\u00f5es. A filosofia Ubuntu, indiv\u00edduo e coletivo. \u201cTag\u201d, \u201cBombing\u201d, \u201cCholo\u201d, \u201cPixa\u00e7\u00e3o\u201d]; Comunidades com vulnerabilidade social [visibilidade no espa\u00e7o p\u00fablico, o Graffiti enquanto ferramenta de representa\u00e7\u00e3o. Banksye Pamela Castro]; Imigra\u00e7\u00e3o e Emprego em Portugal [desafios de sobreviv\u00eancia]; A express\u00e3o pl\u00e1stica infantil [o desenvolvimento cognitivo e os mecanismos da imagina\u00e7\u00e3o. Basquiat e Keith Haring]; Pintura Mural [os murais do povo San, no antigo Egito, no muralismo revolucion\u00e1rio mexicano; a influ\u00eancia sobre os murais do PREC em Portugal]; Arte Urbana e comunidade [a organiza\u00e7\u00e3o social do espa\u00e7o urbano, a perspetiva pol\u00edtica e a perspetiva comercial de consumo]; Legalidade do Graffiti [as v\u00e1rias perspetivas, o lugar da transgress\u00e3o, legisla\u00e7\u00e3o e vandalismo]; Os comboios e o Graffiti [o jogo \u201cSubway Surfers\u201d, o caso dos \u201chobo\u201d na Am\u00e9rica do Norte de h\u00e1 100 anos]<\/p>\n\n\n\n\n\n\n\n\n\n\n\n\n\n\n\n\n","protected":false},"excerpt":{"rendered":"","protected":false},"author":1,"featured_media":0,"parent":1084,"menu_order":0,"comment_status":"closed","ping_status":"closed","template":"","meta":{"pagelayer_contact_templates":[],"_pagelayer_content":"","footnotes":""},"class_list":["post-1134","page","type-page","status-publish","hentry"],"_links":{"self":[{"href":"https:\/\/antn.pt\/en\/wp-json\/wp\/v2\/pages\/1134","targetHints":{"allow":["GET"]}}],"collection":[{"href":"https:\/\/antn.pt\/en\/wp-json\/wp\/v2\/pages"}],"about":[{"href":"https:\/\/antn.pt\/en\/wp-json\/wp\/v2\/types\/page"}],"author":[{"embeddable":true,"href":"https:\/\/antn.pt\/en\/wp-json\/wp\/v2\/users\/1"}],"replies":[{"embeddable":true,"href":"https:\/\/antn.pt\/en\/wp-json\/wp\/v2\/comments?post=1134"}],"version-history":[{"count":0,"href":"https:\/\/antn.pt\/en\/wp-json\/wp\/v2\/pages\/1134\/revisions"}],"up":[{"embeddable":true,"href":"https:\/\/antn.pt\/en\/wp-json\/wp\/v2\/pages\/1084"}],"wp:attachment":[{"href":"https:\/\/antn.pt\/en\/wp-json\/wp\/v2\/media?parent=1134"}],"curies":[{"name":"wp","href":"https:\/\/api.w.org\/{rel}","templated":true}]}}