{"id":1147,"date":"2025-06-02T11:01:30","date_gmt":"2025-06-02T11:01:30","guid":{"rendered":"https:\/\/antn.pt\/?page_id=1147"},"modified":"2025-06-02T12:14:51","modified_gmt":"2025-06-02T12:14:51","slug":"traxxx","status":"publish","type":"page","link":"https:\/\/antn.pt\/en\/colaboracoes\/colaboracoes-internacionais\/traxxx\/","title":{"rendered":"Traxxx"},"content":{"rendered":"\n\n\n<h4>TRAXXX <span style=\"font-size:14px;\">[t\u00edtulo provis\u00f3rio]<\/span>\n<h4><span style=\"font-size: large;\"><p style=\"color:#7f747487;\"><strong>CRIA\u00c7\u00c3O CIRKVOST | CIRCO CONTEMPOR\u00c2NEO E MAGIA<\/strong><\/p><\/span><\/h4>\n\n\n\n\n\n\n\n\n\n<p style=\"text-align: justify; color: white; font-family: Roboto; font-size: small;\">Para esta pr\u00f3xima cria\u00e7\u00e3o, questionamo-nos sobre a motiva\u00e7\u00e3o humana de querer, a todo o custo, deixar marcas!<br>\nInverter a perspetiva e, porque n\u00e3o, imaginar uma cenografia que se desvanece \u00e0 medida que o espet\u00e1culo decorre \u2014 com cada vez menos artistas, menos luz, menos som\u2026 e, por isso mesmo, menos vest\u00edgios! <br>Mas antes do nosso poss\u00edvel desaparecimento, vamos dar vida a essas marcas! Prolongar os vest\u00edgios de um movimento muito maior do que aquilo que o olho nu consegue percecionar! Real\u00e7ar a acrobacia e ver surgir os seus rastos no ar! Desenhar no vazio e contar a acrobacia de outra forma\u2026<br><br>\nA particularidade do <strong>CirkVOST <\/strong>\u00e9 imaginar cenografias de grande escala.<br>\nEnquanto criadores circenses a\u00e9reos, a ideia \u00e9 reinventar o universo da acrobacia a\u00e9rea atrav\u00e9s da reutiliza\u00e7\u00e3o do que j\u00e1 existe.<br>\nContinuar a avan\u00e7ar na pesquisa acrob\u00e1tica, reutilizando as estruturas e modificando-as.<br>\nEncontrar novas trajet\u00f3rias de voo para continuar o trabalho de \u201cdesconstru\u00e7\u00e3o\u201d da acrobacia a\u00e9rea.<br>\nEm segundo plano, um palco elevado e m\u00f3vel, um trampolim&#8230;<br>\nV\u00e1rias ideias est\u00e3o em fase de estudo\u2026\n\n<\/p>\n\n\n\n\n\n\n\n<strong>FICHA ART\u00cdSTICA<\/strong><br>encena\u00e7\u00e3o&nbsp;<strong>BENO\u00ceTE BELLEVILLE&nbsp;<\/strong><strong>| <\/strong>acrobatas&nbsp;<strong>LOUISE AUSSIBAL, ARNAUD CABOCHETTE, CELIA CASAGRANDE-PUCHET, MAXIMILIEN DELAIRE, TH\u00c9O DUBRAY, J\u00c9R\u00d4ME HOSEN BUX, S\u00c9BASTIEN L\u00c9PINE, ELIE RAUZIER <\/strong>e<strong> 4 ARTISTAS A DEFINIR <\/strong><strong>| <\/strong>m\u00fasicos <strong>S\u00c9BASTIEN DAL PALU<\/strong> e <strong>2 M\u00daSICOS A DEFINIR<\/strong> | desenho de luz&nbsp;<strong>SIMON DELESCLUSE |&nbsp;<\/strong>desenho de som&nbsp;<strong>ADRIEN MEULIEN |&nbsp;<\/strong>dire\u00e7\u00e3o t\u00e9cnica&nbsp;<strong>FR\u00c9D\u00c9RIC VITALE&nbsp;|<\/strong>criador estrutura a\u00e9rea&nbsp;<strong>PATRICK CLODY&nbsp;|&nbsp;<\/strong>engenheiro&nbsp;<strong>ALAIN DESSARD&nbsp;|&nbsp;<\/strong>olhar dramat\u00fargico&nbsp;<strong>H\u00c9L\u00c8NE SOULI\u00c9 [Cie Exit] |&nbsp;<\/strong>efeitos especiais e nova magia&nbsp;<strong>RAPHA\u00cbL NAVARRO <\/strong>e<strong> VALENTINE LOSSEAU [Cie 14:20] |<\/strong>colabora\u00e7\u00e3o coreogr\u00e1fica e acrob\u00e1tica&nbsp;<strong>MOURAD MERZOUKI [Cie K\u00e4fia]&nbsp;<\/strong>e<strong> GERMAIN GUILLEMONT [Cirque du Soleil] |&nbsp;<\/strong>administra\u00e7\u00e3o e produ\u00e7\u00e3o <strong>LAURENCE VERGEOT&nbsp;<\/strong><strong>| <\/strong>difus\u00e3o e comunica\u00e7\u00e3o&nbsp;<strong>ALICIA DEBIEUVRE<\/strong><a href=\"https:\/\/cirkvost.com\/en\/shows-in-development\/\"><strong><br><br>WWW.CIRKVOST.COM<\/strong><\/a>\n\n\n\n\n\n\n\n\n\n\n\n\n\n\n\n\n","protected":false},"excerpt":{"rendered":"","protected":false},"author":1,"featured_media":0,"parent":1085,"menu_order":0,"comment_status":"closed","ping_status":"closed","template":"","meta":{"pagelayer_contact_templates":[],"_pagelayer_content":"","footnotes":""},"class_list":["post-1147","page","type-page","status-publish","hentry"],"_links":{"self":[{"href":"https:\/\/antn.pt\/en\/wp-json\/wp\/v2\/pages\/1147","targetHints":{"allow":["GET"]}}],"collection":[{"href":"https:\/\/antn.pt\/en\/wp-json\/wp\/v2\/pages"}],"about":[{"href":"https:\/\/antn.pt\/en\/wp-json\/wp\/v2\/types\/page"}],"author":[{"embeddable":true,"href":"https:\/\/antn.pt\/en\/wp-json\/wp\/v2\/users\/1"}],"replies":[{"embeddable":true,"href":"https:\/\/antn.pt\/en\/wp-json\/wp\/v2\/comments?post=1147"}],"version-history":[{"count":0,"href":"https:\/\/antn.pt\/en\/wp-json\/wp\/v2\/pages\/1147\/revisions"}],"up":[{"embeddable":true,"href":"https:\/\/antn.pt\/en\/wp-json\/wp\/v2\/pages\/1085"}],"wp:attachment":[{"href":"https:\/\/antn.pt\/en\/wp-json\/wp\/v2\/media?parent=1147"}],"curies":[{"name":"wp","href":"https:\/\/api.w.org\/{rel}","templated":true}]}}