{"id":1170,"date":"2025-06-02T14:34:25","date_gmt":"2025-06-02T14:34:25","guid":{"rendered":"https:\/\/antn.pt\/?page_id=1170"},"modified":"2025-06-02T15:20:11","modified_gmt":"2025-06-02T15:20:11","slug":"paiysagens","status":"publish","type":"page","link":"https:\/\/antn.pt\/en\/colaboracoes\/colaboracoes-internacionais\/paiysagens\/","title":{"rendered":"Pa(i)ysage(n)s"},"content":{"rendered":"<h4>PA(I)YSAGE(N)S<\/h4>\n<h4><span style=\"font-size: large;\"><p style=\"color:#7f747487;\"><strong>DE JO\u00c3O PAULO SANTOS | CIRCO CONTEMPOR\u00c2NEO&nbsp;<\/strong><br><\/p><\/span><\/h4>\n\n\n\n\n\n\n\n\n\n<p style=\"text-align: justify; color: white; font-family: Roboto; font-size: small;\"><strong>PA(i)YSAGE(n)S<\/strong> \u00e9 uma varia\u00e7\u00e3o sobre o mastro chin\u00eas.<br><br>\nEm tr\u00eas quadros, Jo\u00e3o Paulo Santos explora o seu aparelho e os elementos c\u00e9nicos para contar a hist\u00f3ria do tempo que passa, atrav\u00e9s das paisagens. Utiliza o mastro chin\u00eas tal como o conhecemos.\nO mastro pequeno, fragmento livre e m\u00f3vel, inverte a rela\u00e7\u00e3o entre o corpo e o objeto. O mastro rotativo cria um movimento perp\u00e9tuo e horizontal, explorando uma outra forma de &#8220;leveza&#8221;.\nNum cen\u00e1rio que recria uma paisagem natural, Jo\u00e3o Paulo, como um peregrino, inicia uma viagem sensorial e visual.\nNesta sua nova cria\u00e7\u00e3o, Jo\u00e3o Paulo Santos continua a desenvolver o seu trabalho com a mesma determina\u00e7\u00e3o que o caracteriza.<br><br>\nAp\u00f3s a travessia vertical proposta na cria\u00e7\u00e3o anterior \u201cUne partie de soi\u201d, o seu percurso prossegue, conduzindo-nos por novos caminhos \u00e0 descoberta de novas paisagens.<br><br>\nContemplem, deixem que o tempo cumpra a sua obra.<br><br>\nTrabalhador do corpo por excel\u00eancia, Jo\u00e3o Paulo procura dar continuidade \u00e0 escrita singular de uma pr\u00e1tica que contempla a passagem do tempo e as exig\u00eancias que esta imp\u00f5e ao corpo em movimento.\n<\/p>\n\n\n\n\n\n\n\n<strong>FICHA ART\u00cdSTICA<\/strong><br>escrita e interpreta\u00e7\u00e3o&nbsp;<strong>JO\u00c3O PAULO SANTOS<\/strong><strong>&nbsp;<\/strong><strong>| <\/strong>cria\u00e7\u00e3o sonora <strong>TIAGO CERQUEIRA<\/strong> | acompanhamento art\u00edstico <strong>ELSA CAILLAT<\/strong> | produ\u00e7\u00e3o <strong>LAURINE FRAN\u00c7OIS <\/strong>e <strong>CHLO\u00c9 JOLLY<\/strong> | produ\u00e7\u00e3o <strong>O \u00daLTIMO MOMENTO<\/strong> | parceiros e apoios <strong>TEATRO AVEIRENSE<\/strong>, <strong>CINETEATRO ALBA<\/strong> | apoio \u00e0 resid\u00eancia <strong>CENTRO CULTURAL DA MALAPOSTA, MINUTOS REDONDOS, C\u00c2MARA MUNICIPAL DE ODIVELAS <\/strong>e&nbsp;<strong>IMAGINARIUS CENTRO DE CRIA\u00c7\u00c3O<\/strong><a href=\"https:\/\/oultimomomento.com\/portfolio-item\/paiysagens\/\"><strong><br><br>WWW.OULTIMOMOMENTO.COM<\/strong><\/a>\n\n\n\n\n\n\n\n<p style=\"text-align: justify; color: white; font-family: Roboto; font-size: small;\">Dura\u00e7\u00e3o: 40 minutos<br>P\u00fablico: maiores de 6 anos<br>\nLota\u00e7\u00e3o: 300 pessoas<\/p>","protected":false},"excerpt":{"rendered":"","protected":false},"author":1,"featured_media":0,"parent":1085,"menu_order":0,"comment_status":"closed","ping_status":"closed","template":"","meta":{"pagelayer_contact_templates":[],"_pagelayer_content":"","footnotes":""},"class_list":["post-1170","page","type-page","status-publish","hentry"],"_links":{"self":[{"href":"https:\/\/antn.pt\/en\/wp-json\/wp\/v2\/pages\/1170","targetHints":{"allow":["GET"]}}],"collection":[{"href":"https:\/\/antn.pt\/en\/wp-json\/wp\/v2\/pages"}],"about":[{"href":"https:\/\/antn.pt\/en\/wp-json\/wp\/v2\/types\/page"}],"author":[{"embeddable":true,"href":"https:\/\/antn.pt\/en\/wp-json\/wp\/v2\/users\/1"}],"replies":[{"embeddable":true,"href":"https:\/\/antn.pt\/en\/wp-json\/wp\/v2\/comments?post=1170"}],"version-history":[{"count":0,"href":"https:\/\/antn.pt\/en\/wp-json\/wp\/v2\/pages\/1170\/revisions"}],"up":[{"embeddable":true,"href":"https:\/\/antn.pt\/en\/wp-json\/wp\/v2\/pages\/1085"}],"wp:attachment":[{"href":"https:\/\/antn.pt\/en\/wp-json\/wp\/v2\/media?parent=1170"}],"curies":[{"name":"wp","href":"https:\/\/api.w.org\/{rel}","templated":true}]}}