{"id":1229,"date":"2025-07-27T17:25:42","date_gmt":"2025-07-27T17:25:42","guid":{"rendered":"https:\/\/antn.pt\/?page_id=1229"},"modified":"2025-11-25T20:21:11","modified_gmt":"2025-11-25T20:21:11","slug":"estagio-theia","status":"publish","type":"page","link":"https:\/\/antn.pt\/en\/projetos\/festival-theia\/festival-theia-2025\/estagio-theia\/","title":{"rendered":"Est\u00e1gio Theia"},"content":{"rendered":"\n\n\n<h4>FESTIVAL THEIA<\/h4>\n<h4><span style=\"font-size: large;\"><p style=\"color:#7f747487;\"><strong>3\u00aa EDI\u00c7\u00c3O | 2025<\/strong><br><\/p><\/span><\/h4>\n\n\n\n\n\n<span style=\"color:#000000;\"><p style=\"text-align:left\"><span style=\"font-size:small;\">RESID\u00caNCIA ART\u00cdSTICA<br>22 A 27 SETEMBRO | 10H00 \u00c0S 19H00<br>MUSEU PROF. \u00c1LVARO VIANA DE LEMOS<br>ATIVIDADE N\u00c3O P\u00daBLICA<\/span><\/p><\/span>\n\n\n<p style=\"text-align: justify; color:black;font-family: Roboto; font-size: small;\"><strong>EST\u00c1GIO THEIA<\/strong><strong><br><\/strong><br>O Theia refor\u00e7a o seu compromisso com a dimens\u00e3o educativa e de sensibiliza\u00e7\u00e3o para a cultura atrav\u00e9s de boas pr\u00e1ticas de media\u00e7\u00e3o de p\u00fablicos, proporcionando uma semana de est\u00e1gio\/mentoria inovadora. Esta iniciativa pioneira destina-se a alunos dos cursos profissionais de Jazz dos conservat\u00f3rios de Lisboa, Coimbra e Jobra. A abertura \u00e0s escolas de m\u00fasica visa formar uma comunidade diversa, rica e consciente. A presen\u00e7a de estudantes de diferentes regi\u00f5es promover\u00e1 uma troca valiosa de conhecimentos e estilos musicais, enriquecendo a experi\u00eancia educacional, integrando os alunos num interc\u00e2mbio cultural essencial, tornando a semana de est\u00e1gio numa experi\u00eancia educacional positiva e memor\u00e1vel. A equipa estar\u00e1 dedicada a colaborar com coordenadores e participantes, garantindo o ambiente acolhedor e prop\u00edcio \u00e0 aprendizagem prometida. O compromisso vai al\u00e9m, incorporando os alunos nas atividades do Festival, desde os concertos e jam sessions \u00e0 mesa redonda, integrando esses momentos como parte fundamental da sua forma\u00e7\u00e3o. O culminar da semana de est\u00e1gio ser\u00e1 marcado por um concerto final dos alunos participantes, consolidando n\u00e3o apenas a aprendizagem t\u00e9cnica como tamb\u00e9m celebrando a integra\u00e7\u00e3o na comunidade art\u00edstica nacional.<\/p>\n\n\n\n\n\n<span style=\"color:#000000;\"><p style=\"text-align:left\"><span style=\"font-size:small;\">CONCERTO RESULTANTE DO EST\u00c1GIO<br>DOMINGO, 28 DE SETEMBRO | 11H00<br>TEATRO MUNICIPAL DA LOUS\u00c3<br>ENTRADA GRATUITA | SUJEITO \u00c0 LOTA\u00c7\u00c3O DA SALA<br>60 MINUTOS | M\/6<\/span><\/p><\/span>\n\n\n<p style=\"text-align: justify; color:black;font-family: Roboto; font-size: small;\"><strong>CONSERVAT\u00d3RIO DE M\u00daSICA DE COIMBRA<\/strong><strong><br><\/strong><br>O Conservat\u00f3rio de M\u00fasica de Coimbra tem vindo a afirmar-se como um espa\u00e7o de forma\u00e7\u00e3o art\u00edstica de excel\u00eancia, onde o jazz e a m\u00fasica contempor\u00e2nea ocupam um lugar central. Apostando numa abordagem criativa e atual, o ensino destas linguagens alia o rigor t\u00e9cnico \u00e0 liberdade expressiva, promovendo a improvisa\u00e7\u00e3o, a experimenta\u00e7\u00e3o e o contacto com repert\u00f3rios diversificados. Atrav\u00e9s de aulas pr\u00e1ticas, projetos colaborativos e apresenta\u00e7\u00f5es p\u00fablicas, os alunos desenvolvem compet\u00eancias art\u00edsticas s\u00f3lidas e uma vis\u00e3o aberta sobre o papel da m\u00fasica no mundo contempor\u00e2neo.<\/p>\n<p style=\"text-align: justify; color:black;font-family: Roboto; font-size: small;\"><strong>HOT CLUBE DE PORTUGAL<\/strong><br><br>O Hot Clube de Portugal, em Lisboa, \u00e9 uma refer\u00eancia hist\u00f3rica do jazz europeu. Fundado em 1948 por Lu\u00eds Villas-Boas, foi palco de figuras como Dexter Gordon, Sarah Vaughan, Benny Golson, entre muitos outros. Al\u00e9m de concertos di\u00e1rios, mant\u00e9m uma Escola de Jazz, que tem formado gera\u00e7\u00f5es de m\u00fasicos portugueses. Ap\u00f3s um inc\u00eandio em 2009, reabriu em 2011 na Pra\u00e7a da Alegria, mantendo a sua miss\u00e3o de divulgar o jazz e apoiar novos talentos.<\/p>\n<p style=\"text-align: justify; color:black;font-family: Roboto; font-size: small;\"><strong>CONSERVAT\u00d3RIO DE M\u00daSICA DE LISBOA<\/strong><br><br>O Conservat\u00f3rio de M\u00fasica de Lisboa tem vindo a consolidar uma forte presen\u00e7a no ensino do jazz e da m\u00fasica contempor\u00e2nea, promovendo uma forma\u00e7\u00e3o art\u00edstica exigente, criativa e atual. Atrav\u00e9s de disciplinas dedicadas \u00e0 improvisa\u00e7\u00e3o, composi\u00e7\u00e3o e pr\u00e1tica de conjunto, os alunos s\u00e3o incentivados a explorar novas linguagens e est\u00e9ticas musicais. Este percurso \u00e9 enriquecido por projetos interdisciplinares, apresenta\u00e7\u00f5es p\u00fablicas e a colabora\u00e7\u00e3o com m\u00fasicos e compositores contempor\u00e2neos, afirmando o Conservat\u00f3rio como um espa\u00e7o de experimenta\u00e7\u00e3o, reflex\u00e3o e excel\u00eancia art\u00edstica.<\/p>\n\n\n\n\n\n\n\n\nideia&nbsp;<strong>RITA MARIA | <\/strong>int\u00e9rpretes<strong> MATHILDE VITORINO <\/strong>(voz)<strong>, GUILHERME TIAGO <\/strong>(saxofone)<strong> <\/strong>e<strong> HENRIQUE SANTIAGO&nbsp;<\/strong>(bateria) <em>[alunos do Conservat\u00f3rio de M\u00fasica de Coimb<\/em><em>ra<\/em>]<strong> | SARA F\u00c9LIX <\/strong>(saxofone)<strong>,&nbsp;<\/strong><strong>IN\u00caS GOMES <\/strong>(bateria) e <strong>MARIANA BARROS<\/strong> (contrabaixo) [<em>alunos do Hot Clube de Portugal<\/em>]&nbsp;<strong><\/strong>| <strong>CATARINA LOURO<\/strong> (clarinete e voz), <strong>MIGUEL FLEMING<\/strong> (guitarra) e <strong>AFONSO LOPES<\/strong> (guitarra) [<em><strong><\/strong>alunos do Conservat\u00f3rio de M\u00fasica de Lisboa<\/em>]<br><br>formadores&nbsp;<strong>TOM\u00c1S BOTO | JO\u00c3O FREITAS | MARGARIDA CAMPELO<\/strong><br>produ\u00e7\u00e3o<strong>&nbsp;ANTN<\/strong><strong><br><br>AGRADECIMENTOS<\/strong><br>Academia de Bailado da Lous\u00e3, Jazz ao Centro, Sal\u00e3o Brazil, Musica.com&nbsp;<br>Hot Clube de Portugal, Conservat\u00f3rio de M\u00fasica de Coimbra, Conservat\u00f3rio de M\u00fasica de Lisboa\n\n\n\n\n\n\n\n\n\n\n<span style=\"font-size:small;\"><span style=\"\"><span data-pts=\"\">Sem texto<\/span><\/span><\/span>\n<span style=\"font-size:small;\"><span style=\"\"><span data-pts=\"\">Acess\u00edvel a todos<\/span><\/span><\/span>\n\n\n\n\n\n\n\n\n\n\n<p><span style=\"font-size: x-small;\"><span style=\"\"><strong>Projeto financiado por<\/strong><\/span><\/span><\/p>\n\n\n<p><span style=\"font-size: x-small;\"><span style=\"\"><strong>Parceria<\/strong><\/span><\/span><\/p>\n\n\n<p><span style=\"font-size: x-small;\"><span style=\"\"><strong>Apoios<\/strong><\/span><\/span><\/p>\n\n\n<p><br><\/p>\n\n\n\n\n\n\n\n\n\n\n\n\n\n\n\n\n\n\n\n\n\n\n\n\n\n\n\n","protected":false},"excerpt":{"rendered":"","protected":false},"author":1,"featured_media":0,"parent":1197,"menu_order":0,"comment_status":"closed","ping_status":"closed","template":"","meta":{"pagelayer_contact_templates":[],"_pagelayer_content":"","footnotes":""},"class_list":["post-1229","page","type-page","status-publish","hentry"],"_links":{"self":[{"href":"https:\/\/antn.pt\/en\/wp-json\/wp\/v2\/pages\/1229","targetHints":{"allow":["GET"]}}],"collection":[{"href":"https:\/\/antn.pt\/en\/wp-json\/wp\/v2\/pages"}],"about":[{"href":"https:\/\/antn.pt\/en\/wp-json\/wp\/v2\/types\/page"}],"author":[{"embeddable":true,"href":"https:\/\/antn.pt\/en\/wp-json\/wp\/v2\/users\/1"}],"replies":[{"embeddable":true,"href":"https:\/\/antn.pt\/en\/wp-json\/wp\/v2\/comments?post=1229"}],"version-history":[{"count":0,"href":"https:\/\/antn.pt\/en\/wp-json\/wp\/v2\/pages\/1229\/revisions"}],"up":[{"embeddable":true,"href":"https:\/\/antn.pt\/en\/wp-json\/wp\/v2\/pages\/1197"}],"wp:attachment":[{"href":"https:\/\/antn.pt\/en\/wp-json\/wp\/v2\/media?parent=1229"}],"curies":[{"name":"wp","href":"https:\/\/api.w.org\/{rel}","templated":true}]}}