{"id":1239,"date":"2025-07-28T09:29:29","date_gmt":"2025-07-28T09:29:29","guid":{"rendered":"https:\/\/antn.pt\/?page_id=1239"},"modified":"2025-11-25T20:21:01","modified_gmt":"2025-11-25T20:21:01","slug":"ensemble-theia","status":"publish","type":"page","link":"https:\/\/antn.pt\/en\/projetos\/festival-theia\/festival-theia-2025\/ensemble-theia\/","title":{"rendered":"Ensemble Theia"},"content":{"rendered":"\n\n\n<h4>FESTIVAL THEIA<\/h4>\n<h4><span style=\"font-size: large;\"><p style=\"color:#7f747487;\"><strong>3\u00aa EDI\u00c7\u00c3O | 2025<\/strong><br><\/p><\/span><\/h4>\n\n\n\n\n\n<span style=\"color:#000000;\"><p style=\"text-align:left\"><span style=\"font-size:small;\">RESID\u00caNCIA ART\u00cdSTICA<br>22 A 27 SETEMBRO | 10H00 \u00c0S 19H00<br>CASA CARLOS REIS<br>ATIVIDADE N\u00c3O P\u00daBLICA<\/span><\/p><\/span>\n\n\n<p style=\"text-align: justify; color:black;font-family: Roboto; font-size: small;\"><strong>RESID\u00caNCIA ART\u00cdSTICA ENSEMBLE THEIA<\/strong><strong><br><\/strong><br>O <strong>Ensemble Theia<\/strong>, na segunda edi\u00e7\u00e3o, trouxe vida a pe\u00e7as comissionadas, encomendadas a compositoras mulheres com liga\u00e7\u00f5es a Portugal. A edi\u00e7\u00e3o dessas obras pela Editora RODA Music Independent Label fortalece o compromisso do festival com a preserva\u00e7\u00e3o e difus\u00e3o dessas cria\u00e7\u00f5es. Na edi\u00e7\u00e3o atual, o <strong>Ensemble Feminino Theia<\/strong> continua a impulsionar a inclus\u00e3o, dando voz a novas pe\u00e7as de compositoras portuguesas, contribuindo para a expans\u00e3o do repert\u00f3rio nacional contempor\u00e2neo. <br>Na edi\u00e7\u00e3o deste ano podemos contar com a participa\u00e7\u00e3o da cantora e compositora Nazar\u00e9 da Silva que abra\u00e7a a encomenda apresentando m\u00fasica para trio de guitarra portuguesa, violoncelo e flauta transversal nas interpreta\u00e7\u00f5es de Mafalda Lemos, Margarida Vieira e Teresa Costa. A m\u00fasica composta para este trio explora o formato can\u00e7\u00e3o (sem palavras), procurando fundi-lo com a improvisa\u00e7\u00e3o livre e a m\u00fasica de c\u00e2mara. A escrita para flauta e violoncelo ser\u00e1 tendencialmente mais contrapont\u00edstica, com a guitarra portuguesa a desempenhar fun\u00e7\u00f5es predominantemente harm\u00f3nicas, mas a ideia \u00e9 que cada instrumento desempenhe diferentes fun\u00e7\u00f5es \u00e0 medida que a m\u00fasica se desenrola: o violoncelo, por exemplo, ora funcionar\u00e1 como baixo, ora sobressair\u00e1 enquanto solista. Os momentos de improvisa\u00e7\u00e3o dever\u00e3o proceder em estreita continuidade com a partitura, de modo a que a distin\u00e7\u00e3o entre o material escrito e o material improvisado n\u00e3o seja facilmente percet\u00edvel, procurando-se, assim, um equil\u00edbrio org\u00e2nico entre os v\u00e1rios elementos em jogo, predeterminados ou n\u00e3o.<\/p>\n\n\n\n\n\n\n\n\n\n\n\n\n\n\n\n<span style=\"color:#000000;\"><p style=\"text-align:left\"><span style=\"font-size:small;\">ENSEMBLE THEIA<br>DOMINGO, 28 DE SETEMBRO | 16H30<br>TEATRO MUNICIPAL DA LOUS\u00c3<br>60 MINUTOS | M\/6<\/span><\/p><\/span>\n\n\n\n\n\n\n\n\n\n\ncomposi\u00e7\u00e3o e coordena\u00e7\u00e3o <strong>NAZAR\u00c9 DA SILVA | <\/strong> interpreta\u00e7\u00e3o <strong>MAFALDA LEMOS <\/strong>[guitarra portuguesa], <strong>MARGARIDA VIEIRA <\/strong>[violoncelo], <strong>TERESA COSTA <\/strong>[flauta]\n\n\n\n\n\n\n\n\n\n\n<span style=\"font-size:small;\"><span style=\"\"><span data-pts=\"\">Sem texto<\/span><\/span><\/span>\n<span style=\"font-size:small;\"><span style=\"\"><span data-pts=\"\">Acess\u00edvel a todos<\/span><\/span><\/span>\n\n\n\n\n\n\n\n\n<p style=\"text-align: justify; color:black;font-family: Roboto; font-size: 11px;\"><strong>BIOGRAFIAS<\/strong><br> \n<strong>NAZAR\u00c9 DA SILVA<\/strong> nasceu a 13 de setembro de 1997, em Lisboa. Filha de pais m\u00fasicos, o universo art\u00edstico esteve presente desde cedo na sua vida. Cresceu fascinada pela m\u00fasica e pelo teatro. Mais tarde, durante a adolesc\u00eancia surgiu o interesse pela dan\u00e7a, tendo tido aulas de ballet e dan\u00e7a contempor\u00e2nea durante dois anos. Em 2014 ingressou no curso regular da Escola de Jazz Luiz Villas Boas\/Hot Clube de Portugal, onde estudou jazz vocal at\u00e9 2017, ano em que ingressou na licenciatura em jazz da Escola Superior de M\u00fasica de Lisboa, que acaba de concluir no presente ano de 2021. Durante a licenciatura teve aulas com Maria Jo\u00e3o, Afonso Pais, Lu\u00eds Tinoco e Gon\u00e7alo Marques, entre outros. Paralelamente, tem tido aulas particulares de voz com a cantora Rita Maria. Enquanto cantora, gravou o disco \u201cCrime\u201d com Jo\u00e3o Paulo Esteves da Silva e Samuel Dias, \u201cVago Pressentimento Azul por Cima\u201d, disco de can\u00e7\u00f5es de Jo\u00e3o Paulo Esteves da Silva para poemas de Ana Paula In\u00e1cio e \u201cO que J\u00e1 Importa\u201d, novo disco do guitarrista Afonso Pais. Tamb\u00e9m faz parte de v\u00e1rios projetos, como o grupo de improvisa\u00e7\u00e3o vocal \u201cCircular\u201d dirigido por Aixa Figini, o duo \u201cChap\u00e9u Preto\u201d com Afonso Albuquerque, o Trio com Afonso Albuquerque e Francisco Nogueira e o Nazar\u00e9 da Silva quinteto, com can\u00e7\u00f5es da sua autoria, com Jo\u00e3o Almeida, Bernardo Tinoco, Z\u00e9 Almeida e Samuel Dias, que acaba de lan\u00e7ar, no presente ano, o seu primeiro disco, \u201cGingko\u201d. Para al\u00e9m disso, tem feito trabalhos enquanto letrista, para o disco da Big Band J\u00fanior, para um tema do contrabaixista Carlos Bica, entre outras colabora\u00e7\u00f5es.<br><br>\n<strong>MAFALDA LEMOS<\/strong> nasceu em 2002, no Porto. Iniciou os seus estudos na m\u00fasica com a guitarra cl\u00e1ssica aos 7 anos acompanhada pela professora Lu\u00edsa Moutinho e aos 9 anos come\u00e7ou a ter aulas de guitarra portuguesa com o professor Carlos Semedo. Ingressou no Conservat\u00f3rio de M\u00fasica do Porto com a guitarra portuguesa sendo guiada pelo professor Pedro Pinto at\u00e9 completar o 8\u00ba grau. Atualmente, esta guitarrista v\u00ea mais partituras em branco, procura a arte da cria\u00e7\u00e3o musical, tendo seguido estudos na Escola Superior de M\u00fasica de Lisboa no curso de Composi\u00e7\u00e3o. O seu fasc\u00ednio \u00e9 o repert\u00f3rio instrumental da guitarra, para o qual ela gostaria de contribuir com o seu cunho art\u00edstico. Vive entre Lisboa e o Porto, a guitarra portuguesa e a composi\u00e7\u00e3o. Apresenta-se em p\u00fablico desde muito nova, tendo j\u00e1 tocado na Casa da M\u00fasica, Rivoli, Coliseu do Porto, Voz do Oper\u00e1rio, entre outros espa\u00e7os culturais. Atua a solo ou com variados artistas, recentemente com a guitarrista Lu\u00edsa Amaro.<br><br>\n<strong>MARGARIDA VIEIRA<\/strong> iniciou os estudos de violoncelo com cinco anos na classe do professor Jorge Ribeiro. Em 2013 ingressou no Conservat\u00f3rio de M\u00fasica Calouste Gulbenkian de Braga, na classe da professora Raquel Alves, onde terminou o 8\u00ba grau do Curso de Instrumento. Terminou, em 2018, a licenciatura em Instrumentista de Orquestra, na classe do professor Paulo Gaio Lima, na Academia Nacional Superior de Orquestra. J\u00e1 colaborou com v\u00e1rias orquestras portuguesas, dentro as quais a Orquestra Metropolitana de Lisboa e a Orquestra Gulbenkian. \u00c9 professora de violoncelo no Conservat\u00f3rio de M\u00fasica da Metropolitana. Atualmente, a sua a\u00e7\u00e3o musical deambula entre a m\u00fasica &#8220;cl\u00e1ssica&#8221;, MPB e a m\u00fasica tradicional portuguesa. Formou recentemente o quarteto de MPB Feij\u00e3o Preto.<br><br> <strong>TERESA COSTA<\/strong> \n\u00e9 uma flautista natural do Porto cujo trabalho se reparte entre performance de m\u00fasica antiga, orquestral, contempor\u00e2nea e projetos de natureza interdisciplinar. Em 2021 terminou o mestrado em performance no Conservat\u00f3rio de Amesterd\u00e3o. Em 2023 integrou a Academia Gustav Mahler e o ULYSSES Ensemble, tendo-se agregado ao Ensemble Intercontemporain no festival ManiFeste do IRCAM. Colaborou com a Royal Concertgebouw Orchestra, o Remix Ensemble Casa da M\u00fasica, a De Nieuwe Philharmonie Utrecht, o Jong Nederlands Blazers Ensemble e a Residentie Orkest. Em 2021 colaborou com Maria Magdalena Kozlowska na co-cria\u00e7\u00e3o de COMMUNE (teatro Frascati) e em 2022 fez parte do elenco de \u201cO Gato Malhado e a Andorinha Sinh\u00e1\u201d (A Turma) com m\u00fasica composta por Jo\u00e3o Grilo e encena\u00e7\u00e3o de Ant\u00f3nio Afonso Parra. Est\u00e1 envolvida em projetos de m\u00fasica contempor\u00e2nea e\/ou original como duo Suzanne, Ladrem, pardais!, Sketch351 &#8211; artista em resid\u00eancia do festival Dag in de Branding-, EUPNEA e Novelo Vago. Desenvolve performances para a inf\u00e2ncia com o colectivo Kleintjekunst. Faz parte de LI\u00c7O, com quem investiga o cruzamento do canto a vozes com os of\u00edcios da l\u00e3. Em 2024 desenvolveu trabalho de cria\u00e7\u00e3o no CURA, DAS Bologna, Associa\u00e7\u00e3o Porta-Jazz e Teatro de Ferro; Em 2025 na f\u00e1brica Cer\u00e2mica Rocha com o projeto \u201cEcos de Gr\u00e9s\u201d. Participa nos \u00faltimos discos de Andr\u00e9 J\u00falio Turquesa, Guy Salamon, Fuensanta, Gabriel Milliet e Joana Raquel.\n\n\n\n\n\n\n<p><span style=\"font-size: x-small;\"><span style=\"\"><strong>Projeto financiado por<\/strong><\/span><\/span><\/p>\n\n\n<p><span style=\"font-size: x-small;\"><span style=\"\"><strong>Parceria<\/strong><\/span><\/span><\/p>\n\n\n<p><span style=\"font-size: x-small;\"><span style=\"\"><strong>Apoios<\/strong><\/span><\/span><\/p>\n\n\n<p><br><\/p>\n\n\n\n\n\n\n\n\n\n\n\n\n\n\n\n\n\n\n\n\n\n\n\n\n\n\n\n","protected":false},"excerpt":{"rendered":"","protected":false},"author":1,"featured_media":0,"parent":1197,"menu_order":0,"comment_status":"closed","ping_status":"closed","template":"","meta":{"pagelayer_contact_templates":[],"_pagelayer_content":"","footnotes":""},"class_list":["post-1239","page","type-page","status-publish","hentry"],"_links":{"self":[{"href":"https:\/\/antn.pt\/en\/wp-json\/wp\/v2\/pages\/1239","targetHints":{"allow":["GET"]}}],"collection":[{"href":"https:\/\/antn.pt\/en\/wp-json\/wp\/v2\/pages"}],"about":[{"href":"https:\/\/antn.pt\/en\/wp-json\/wp\/v2\/types\/page"}],"author":[{"embeddable":true,"href":"https:\/\/antn.pt\/en\/wp-json\/wp\/v2\/users\/1"}],"replies":[{"embeddable":true,"href":"https:\/\/antn.pt\/en\/wp-json\/wp\/v2\/comments?post=1239"}],"version-history":[{"count":0,"href":"https:\/\/antn.pt\/en\/wp-json\/wp\/v2\/pages\/1239\/revisions"}],"up":[{"embeddable":true,"href":"https:\/\/antn.pt\/en\/wp-json\/wp\/v2\/pages\/1197"}],"wp:attachment":[{"href":"https:\/\/antn.pt\/en\/wp-json\/wp\/v2\/media?parent=1239"}],"curies":[{"name":"wp","href":"https:\/\/api.w.org\/{rel}","templated":true}]}}