{"id":1304,"date":"2025-07-28T13:52:35","date_gmt":"2025-07-28T13:52:35","guid":{"rendered":"https:\/\/antn.pt\/?page_id=1304"},"modified":"2025-09-24T08:48:35","modified_gmt":"2025-09-24T08:48:35","slug":"rita-caravaca-trio","status":"publish","type":"page","link":"https:\/\/antn.pt\/en\/projetos\/festival-theia\/festival-theia-2025\/rita-caravaca-trio\/","title":{"rendered":"Rita Caravaca Trio"},"content":{"rendered":"\n\n\n<h4>FESTIVAL THEIA<\/h4>\n<h4><span style=\"font-size: large;\"><p style=\"color:#7f747487;\"><strong>3\u00aa EDI\u00c7\u00c3O | 2025<\/strong><br><\/p><\/span><\/h4>\n\n\n\n\n\n<span style=\"color:#000000;\"><p style=\"text-align:left\"><span style=\"font-size:small;\">RITA CARAVACA TRIO<br>S\u00c1BADO, 27 DE SETEMBRO | 19H00<br>TEATRO MUNICIPAL DA LOUS\u00c3<br>60 MINUTOS | M\/6<\/span><\/p><\/span>\n\n\n<p style=\"text-align: justify; color:black;font-family: Roboto; font-size: small;\"><strong>RITA CARAVACA TRIO<\/strong><br><br>O Trio da jovem pianista e compositora Rita Caravaca constituiu-se no final de 2023, reunindo tr\u00eas jovens m\u00fasicos da Escola Superior de M\u00fasica de Lisboa com o prop\u00f3sito de desenvolver repert\u00f3rio original no \u00e2mbito do jazz contempor\u00e2neo. \nAp\u00f3s atua\u00e7\u00f5es inseridas no Ciclo Jazz no Parque Mayer, promovido pelo Hot Clube de Portugal, e no Festival Angra Jazz, o trio prossegue o seu percurso art\u00edstico com um trabalho centrado na cria\u00e7\u00e3o coletiva. \nNesta terceira edi\u00e7\u00e3o, o grupo conta com Francisco Coelho na bateria e com a participa\u00e7\u00e3o especial do contrabaixista Francisco Brito, m\u00fasico com uma s\u00f3lida trajet\u00f3ria na cena do jazz nacional. A sua colabora\u00e7\u00e3o acrescenta maturidade e profundidade \u00e0 sonoridade do trio, refor\u00e7ando o di\u00e1logo entre tradi\u00e7\u00e3o e inova\u00e7\u00e3o que caracteriza este projeto. \n.<\/p>\n\n\n\n\n\n\n\n\n\n\n\n\n\n\n\n\n\n\n\n\n\n\n\n\n\ncomposi\u00e7\u00e3o e piano&nbsp;<strong>RITA CARAVACA | <\/strong> interpreta\u00e7\u00e3o <strong>FRANCISCO COELHO&nbsp;<\/strong>[bateria], <strong>FRANCISCO BRITO&nbsp;<\/strong>[contrabaixo]\n\n\n\n\n\n\n\n\n\n\n<span style=\"font-size:small;\"><span style=\"\"><span data-pts=\"\">Sem texto<\/span><\/span><\/span>\n<span style=\"font-size:small;\"><span style=\"\"><span data-pts=\"\">Acess\u00edvel a todos<\/span><\/span><\/span>\n\n\n\n\n\n\n\n\n<p style=\"text-align: justify; color:black;font-family: Roboto; font-size: 11px;\"><strong>BIOGRAFIAS<\/strong><br> \n<strong>RITA CARAVACA<\/strong> nasceu em Santar\u00e9m mas sempre viveu em Caldas da Rainha. Desde cedo come\u00e7ou a tocar piano e a compor. Aos 8 anos iniciou os seus estudos de piano com a professora Patr\u00edcia Costa. Integrou uma banda caldense e diversos projetos na zona do Oeste. Estudou no Conservat\u00f3rio das Caldas da Rainha, em regime livre, e teve aulas com o professor Aur\u00e9lien Vieira Lino. Ap\u00f3s o secund\u00e1rio seguiu os seus estudos na Escola de Jazz Luiz Villas-Boas do Hot Clube de Portugal onde concluiu o terceiro ano do curso regular, tendo sido bolseira no segundo ano, o qual terminou com distin\u00e7\u00e3o. Teve aulas de piano com o professor Lu\u00eds Barrigas e participou em v\u00e1rios combos de diferentes anos e representou o HCP em diversas iniciativas. Atuou tamb\u00e9m como convidada em recitais finais de alunos da EJLVB e Universidade Lus\u00edada. Em janeiro de 2024 iniciou um projeto de originais que foram estreados no concerto do Parque Mayer em que se assinalou um ano do fecho do HCP e novamente apresentados  no dia internacional do jazz, no \u00e2mbito do Festival Angra Jazz. Participou tamb\u00e9m na 27\u00b0 edi\u00e7\u00e3o do Festival Jazz Valado, integrando o Nazar\u00e9\/ Capbreton Sextet no qual participaram 3 m\u00fasicos portugueses e 3 m\u00fasicos franceses. Este projeto foi tamb\u00e9m apresentado em Fran\u00e7a no Capbreton Jazz Festival. Em Setembro deste ano ir\u00e1 participar, em representa\u00e7\u00e3o do HCP, no ciclo \u201c Um piano, seis pianistas\u201d que integra v\u00e1rios nomes com grande influ\u00eancia no Jazz em Portugal. Atualmente frequenta o segundo ano do curso de Piano na variante de Jazz na Escola Superior de M\u00fasica de Lisboa com o professor de piano Jo\u00e3o Paulo Esteves da Silva e d\u00e1 continuidade aos seus projetos de composi\u00e7\u00e3o.<br><br>\n<strong>FRANCISCO COELHO<\/strong> \u00e9 baterista natural da Madeira e integra a Orquestra de Jazz do Funchal desde o seu in\u00edcio. Iniciou a sua aprendizagem aos 12 anos e seguiu a sua forma\u00e7\u00e3o no Conservat\u00f3rio da Madeira, no Curso Profissional de Instrumentista de Jazz. Atualmente estuda na Escola Superior de M\u00fasica de Lisboa na Licenciatura em M\u00fasica, variante Jazz e foi aluno do professor Bruno Pedroso e Andr\u00e9 Machado. Teve tamb\u00e9m a oportunidade de pisar palcos prestigiados como o do Funchal Jazz em v\u00e1rias ocasi\u00f5es. Participou no palco principal deste festival com a Orquestra de Jazz do Funchal nas edi\u00e7\u00f5es de 2022 (com M\u00e1rio Laginha) e 2023 (com Perico Sambeat). <br><br>\n<strong>FRANCISCO BRITO<\/strong> nasceu em Sintra em 1984, iniciando no Hot Clube de Portugal no ano de 2004, os estudos em guitarra, com Bruno Santos. Passados dois anos, mudou para o instrumento com que mais se identifica, o contrabaixo. Entre 2006 e 2008 frequentou o curso de Jazz do Hot Clube onde estudou com professores como Bernardo Moreira, Nelson Cascais, Andr\u00e9 Fernandes e Jo\u00e3o Moreira, entre outros. Em 2008 ingressou na Licenciatura em Jazz da Escola Superior de M\u00fasica de Lisboa, onde estuda com Afonso Pais, Lars Arens, Bernardo Moreira, Pedro Moreira, \u00d3scar Gra\u00e7a e Gon\u00e7alo Marques, entre outros. \u00c9 professor na Escola de Jazz do Hot Clube de Portugal.<\/p>\n\n\n\n\n\n\n<p><span style=\"font-size: x-small;\"><span style=\"\"><strong>Projeto financiado por<\/strong><\/span><\/span><\/p>\n\n\n<p><span style=\"font-size: x-small;\"><span style=\"\"><strong>Parceria<\/strong><\/span><\/span><\/p>\n\n\n<p><span style=\"font-size: x-small;\"><span style=\"\"><strong>Apoios<\/strong><\/span><\/span><\/p>\n\n\n<p><br><\/p>\n\n\n\n\n\n\n\n\n\n\n\n\n\n\n\n\n\n\n\n\n\n\n\n\n\n\n\n","protected":false},"excerpt":{"rendered":"","protected":false},"author":1,"featured_media":0,"parent":1197,"menu_order":0,"comment_status":"closed","ping_status":"closed","template":"","meta":{"pagelayer_contact_templates":[],"_pagelayer_content":"","footnotes":""},"class_list":["post-1304","page","type-page","status-publish","hentry"],"_links":{"self":[{"href":"https:\/\/antn.pt\/en\/wp-json\/wp\/v2\/pages\/1304","targetHints":{"allow":["GET"]}}],"collection":[{"href":"https:\/\/antn.pt\/en\/wp-json\/wp\/v2\/pages"}],"about":[{"href":"https:\/\/antn.pt\/en\/wp-json\/wp\/v2\/types\/page"}],"author":[{"embeddable":true,"href":"https:\/\/antn.pt\/en\/wp-json\/wp\/v2\/users\/1"}],"replies":[{"embeddable":true,"href":"https:\/\/antn.pt\/en\/wp-json\/wp\/v2\/comments?post=1304"}],"version-history":[{"count":0,"href":"https:\/\/antn.pt\/en\/wp-json\/wp\/v2\/pages\/1304\/revisions"}],"up":[{"embeddable":true,"href":"https:\/\/antn.pt\/en\/wp-json\/wp\/v2\/pages\/1197"}],"wp:attachment":[{"href":"https:\/\/antn.pt\/en\/wp-json\/wp\/v2\/media?parent=1304"}],"curies":[{"name":"wp","href":"https:\/\/api.w.org\/{rel}","templated":true}]}}