{"id":1321,"date":"2025-07-28T14:55:11","date_gmt":"2025-07-28T14:55:11","guid":{"rendered":"https:\/\/antn.pt\/?page_id=1321"},"modified":"2025-09-24T08:48:07","modified_gmt":"2025-09-24T08:48:07","slug":"mesa-redonda","status":"publish","type":"page","link":"https:\/\/antn.pt\/en\/projetos\/festival-theia\/festival-theia-2025\/mesa-redonda\/","title":{"rendered":"Mesa Redonda"},"content":{"rendered":"<h4>THEIA Festival<\/h4>\n<h4><span style=\"font-size: large;\"><p style=\"color:#7f747487;\"><strong>3\u00aa EDI\u00c7\u00c3O | 2025<\/strong><br><\/p><\/span><\/h4>\n\n\n\n\n\n<span style=\"color:#000000;\"><p style=\"text-align:left\"><span style=\"font-size:small;\">MESA REDONDA<br>DOMINGO, 28 DE SETEMBRO | 15H00<br>CAFETARIA DO TEATRO MUNICIPAL DA LOUS\u00c3<br>ENTRADA LIVRE, INSCRI\u00c7\u00c3O PR\u00c9VIA, SUJEITA \u00c0 LOTA\u00c7\u00c3O<br>60 MINUTOS | M\/6<\/span><\/p><\/span>\n\n\n<p style=\"text-align: justify; color:black;font-family: Roboto; font-size: small;\"><strong>CANTANDO A RESIST\u00caNCIA: MULHERES NA M\u00daSICA DE INTERVEN\u00c7\u00c3O EM PORTUGAL<\/strong><br><br>Considerando a car\u00eancia hist\u00f3rica de reconhecimento e an\u00e1lise dos contributos de mulheres na cria\u00e7\u00e3o e participa\u00e7\u00e3o musical com conte\u00fado pol\u00edtico antifascista em Portugal, este painel pretende destacar as vozes de mulheres criadoras que t\u00eam desenvolvido obras musicais com uma perspetiva cr\u00edtica pol\u00edtica e social. Ap\u00f3s a celebra\u00e7\u00e3o dos 50 anos do 25 de Abril, este parece ser um momento particularmente relevante para uma reflex\u00e3o sobre o papel das mulheres nos contextos musicais de contesta\u00e7\u00e3o pol\u00edtica e na constru\u00e7\u00e3o de discursos de resist\u00eancia desde o per\u00edodo revolucion\u00e1rio at\u00e9 aos dias de hoje. <\/p>\n\n\n\n\n\n\n\n\nmodera\u00e7\u00e3o <strong>BEATRIZ NUNES<\/strong> | painel <strong>H\u00c9LDER BRUNO MARTINS&nbsp;<\/strong>(professor adjunto convidado da Escola Spuerior de Educa\u00e7\u00e3o do Instituto Polit\u00e9cnico de Coimbra)<strong>, MYNDA GUEVARA, PAULA OLIVEIRA<\/strong>\n\n\n\n\n\n\n\n\n\n\n<span style=\"font-size:small;\"><span style=\"\"><span data-pts=\"\">Com texto<\/span><\/span><\/span>\n<span style=\"font-size:small;\"><span style=\"\"><span data-pts=\"\">Acess\u00edvel a todos<\/span><\/span><\/span>\n\n\n\n\n\n\n\n\n<p style=\"text-align: justify; color:black;font-family: Roboto; font-size: 11px;\"><strong>BIOGRAFIAS<\/strong><br> \n<strong>H\u00c9LDER BRUNO MARTINS<\/strong> (Coimbra, 1976), music\u00f3logo, investigador, professor adjunto convidado da Escola Superior de Educa\u00e7\u00e3o do Instituto Polit\u00e9cnico de Coimbra (ESEC-IPC), consultor s\u00e9nior &#8211; perito em ind\u00fastrias culturais e criativas (certificado) da Dire\u00e7\u00e3o Geral das Artes e de outras institui\u00e7\u00f5es, p\u00fablicas e privadas, \u00e9 doutorado em etnomusicologia pela Universidade de Aveiro (2020), mestre em ci\u00eancias musicais pela FLUC (2005), licenciado em educa\u00e7\u00e3o musical pela ESEC\/IPC (1999). \nEnquanto investigador cient\u00edfico \u00e9 autor de uma metodologia de apoio \u00e0 decis\u00e3o para a defini\u00e7\u00e3o de estrat\u00e9gias de prosperidade (\u00abecocracia\u00bb) e desenvolve estudos nas \u00e1reas de m\u00fasica, cultura, emo\u00e7\u00f5es e identidades; de artigos, comunica\u00e7\u00f5es, pref\u00e1cios, livros e livros-cd, dos quais se destacam <em>Jazz em Portugal<\/em> (1920-1956) (Almedina, 2006) e, o mais recente, \u201c\u00c9 jazz quando me chegam l\u00e1grimas aos olhos\u201d Jos\u00e9 Duarte (1938-2023) (Cordel D\u2019Prata, 2024, com o apoio da SPA). \nPara al\u00e9m da sua atividade acad\u00e9mica, cient\u00edfica e t\u00e9cnica, \u00e9 compositor e pianista, tendo editado tr\u00eas \u00e1lbuns: A Presen\u00e7a, serena e terna (2018); <em>Under a Water Sky<\/em> (2022) e <em>Ether Sculptures <\/em>(2025). Em 2023 venceu o pr\u00e9mio \u201cbest world music performance\u201d dos IPMA, em Providence, Rhode Island, EUA.\n<br><br>\n<strong>PAULA OLIVEIRA<\/strong> \u00e9 cantora e compositora. Iniciou os estudos musicais em Coimbra, concluindo o curso de canto cl\u00e1ssico em Lisboa. Aperfei\u00e7oou-se em cursos e semin\u00e1rios de jazz em Portugal e Nova Iorque. Gravou diversos \u00e1lbuns, destacando-se &#8220;Lisboa Que Adormece&#8221; e &#8220;Fado Roubado&#8221;. Ao longo da carreira, colaborou com artistas e gravou em diversos contextos musicais. Participou em festivais nacionais e internacionais, destacando-se como professora de voz no programa &#8220;Opera\u00e7\u00e3o Triunfo&#8221;. Atualmente, leciona na Escola de Jazz Lu\u00eds Villas-Boas e est\u00e1 a realizar o doutoramento em Artes Performativas na Universidade de Lisboa.<strong><br><br>\nMYNDA GUEVARA<\/strong> \u00e9 oriunda do bairro da Cova da Moura, em Lisboa, e carrega no nome e na atitude uma sede de revolu\u00e7\u00e3o que est\u00e1 intimamente ligada ao papel ainda muito minimizado das mulheres no rap. O seu rap, em crioulo, como forma de express\u00e3o verdadeira e emancipat\u00f3ria, tem vindo a conquistar uma posi\u00e7\u00e3o de respeito, por for\u00e7a de uma l\u00edrica como reflexo do seu papel enquanto mulher, afrodescendente e rapper, no seio de uma sociedade estratificada.\n<\/p>\n\n\n\n\n\n\n<p><span style=\"font-size: x-small;\"><span style=\"\"><strong>Projeto financiado por<\/strong><\/span><\/span><\/p>\n\n\n<p><span style=\"font-size: x-small;\"><span style=\"\"><strong>Parceria<\/strong><\/span><\/span><\/p>\n\n\n<p><span style=\"font-size: x-small;\"><span style=\"\"><strong>Apoios<\/strong><\/span><\/span><\/p>\n\n\n<p><br><\/p>","protected":false},"excerpt":{"rendered":"","protected":false},"author":1,"featured_media":0,"parent":1197,"menu_order":0,"comment_status":"closed","ping_status":"closed","template":"","meta":{"pagelayer_contact_templates":[],"_pagelayer_content":"","footnotes":""},"class_list":["post-1321","page","type-page","status-publish","hentry"],"_links":{"self":[{"href":"https:\/\/antn.pt\/en\/wp-json\/wp\/v2\/pages\/1321","targetHints":{"allow":["GET"]}}],"collection":[{"href":"https:\/\/antn.pt\/en\/wp-json\/wp\/v2\/pages"}],"about":[{"href":"https:\/\/antn.pt\/en\/wp-json\/wp\/v2\/types\/page"}],"author":[{"embeddable":true,"href":"https:\/\/antn.pt\/en\/wp-json\/wp\/v2\/users\/1"}],"replies":[{"embeddable":true,"href":"https:\/\/antn.pt\/en\/wp-json\/wp\/v2\/comments?post=1321"}],"version-history":[{"count":0,"href":"https:\/\/antn.pt\/en\/wp-json\/wp\/v2\/pages\/1321\/revisions"}],"up":[{"embeddable":true,"href":"https:\/\/antn.pt\/en\/wp-json\/wp\/v2\/pages\/1197"}],"wp:attachment":[{"href":"https:\/\/antn.pt\/en\/wp-json\/wp\/v2\/media?parent=1321"}],"curies":[{"name":"wp","href":"https:\/\/api.w.org\/{rel}","templated":true}]}}