{"id":22,"date":"2023-08-17T13:29:38","date_gmt":"2023-08-17T13:29:38","guid":{"rendered":"http:\/\/antn.pt\/?page_id=22"},"modified":"2025-05-02T22:52:54","modified_gmt":"2025-05-02T22:52:54","slug":"contactos","status":"publish","type":"page","link":"https:\/\/antn.pt\/en\/contactos\/","title":{"rendered":"Contacts"},"content":{"rendered":"<p style=\"text-align: center;\">Gest\u00e3o, codire\u00e7\u00e3o art\u00edstica e programa\u00e7\u00e3o<\/p><p style=\"text-align: center;\"><br>Joana Ferreira | Manuela Jorge<\/p><p style=\"text-align: center;\"><br>+351 917 494 249 | +351 934 104 976<\/p><p style=\"text-align: center;\"><br>geral.antn@gmail.com<\/p><p style=\"text-align: center;\"><br>Urbaniza\u00e7\u00e3o Soltr\u00f3ia, Lote 268R<\/p><p style=\"text-align: center;\">7570-789 Carvalhal GDL<\/p><p style=\"text-align: center;\">Gr\u00e2ndola<\/p>\n\n\n\n\nGr\u00e2ndola, Portugal","protected":false},"excerpt":{"rendered":"","protected":false},"author":1,"featured_media":0,"parent":0,"menu_order":0,"comment_status":"closed","ping_status":"closed","template":"","meta":{"pagelayer_contact_templates":[],"_pagelayer_content":"","footnotes":""},"class_list":["post-22","page","type-page","status-publish","hentry"],"_links":{"self":[{"href":"https:\/\/antn.pt\/en\/wp-json\/wp\/v2\/pages\/22","targetHints":{"allow":["GET"]}}],"collection":[{"href":"https:\/\/antn.pt\/en\/wp-json\/wp\/v2\/pages"}],"about":[{"href":"https:\/\/antn.pt\/en\/wp-json\/wp\/v2\/types\/page"}],"author":[{"embeddable":true,"href":"https:\/\/antn.pt\/en\/wp-json\/wp\/v2\/users\/1"}],"replies":[{"embeddable":true,"href":"https:\/\/antn.pt\/en\/wp-json\/wp\/v2\/comments?post=22"}],"version-history":[{"count":0,"href":"https:\/\/antn.pt\/en\/wp-json\/wp\/v2\/pages\/22\/revisions"}],"wp:attachment":[{"href":"https:\/\/antn.pt\/en\/wp-json\/wp\/v2\/media?parent=22"}],"curies":[{"name":"wp","href":"https:\/\/api.w.org\/{rel}","templated":true}]}}