{"id":388,"date":"2024-10-29T15:30:31","date_gmt":"2024-10-29T15:30:31","guid":{"rendered":"https:\/\/antn.pt\/?page_id=388"},"modified":"2025-06-01T11:20:51","modified_gmt":"2025-06-01T11:20:51","slug":"o-nascimento-da-arte","status":"publish","type":"page","link":"https:\/\/antn.pt\/en\/colaboracoes\/colaboracoes-nacionais\/o-nascimento-da-arte\/","title":{"rendered":"O Nascimento da Arte"},"content":{"rendered":"<h4>BIRTH OF ART<br><\/h4>\n<h4><span style=\"font-size: large;\"><p style=\"color:#7f747487;\"><strong>DE ANT\u00d3NIO JORGE GON\u00c7ALVES | FILIPE RAPOSO <\/strong><br><\/p><\/span><\/h4>\n\n\n\n\n\n\n\n\n\n<p style=\"text-align: justify; color: white; font-family: Roboto; font-size: small;\">Quando come\u00e7\u00e1mos a criar obras de arte?<br>\nQue sabemos dos humanos que desenharam as gravuras rupestres?<br>\nQual a necessidade que os levou a criar?<br>\nTeria sido pelas mesmas raz\u00f5es que criamos hoje?<br><br>\n\nEste \u00e9 o ponto de partida para <strong>Ant\u00f3nio Jorge Gon\u00e7alves<\/strong> e <strong>Filipe Raposo<\/strong> procurarem respostas, e sobretudo melhores perguntas. Usando duas das ferramentas tecnol\u00f3gicas mais marcantes da hist\u00f3ria &#8211; o computador e o piano &#8211; os dois artistas t\u00eam pesquisado nos \u00faltimos anos um di\u00e1logo \u00edntimo entre o desenho em tempo real e o piano. Nos seus espet\u00e1culos t\u00eam constru\u00eddo &#8211; em ambiente de improvisa\u00e7\u00e3o e espontaneidade &#8211; um tipo de gram\u00e1tica que engloba tempo, estrutura, textura, abstra\u00e7\u00e3o, evoca\u00e7\u00e3o e emo\u00e7\u00e3o. <br><br>Com <strong>BIRTH OF ART<\/strong> lan\u00e7am-se num trabalho de longo curso estudando os vest\u00edgios espalhados pelo mundo do primeiro sinal sens\u00edvel da nossa presen\u00e7a no universo.\nEste projeto leva os artistas a resid\u00eancias em lugares significativos do patrim\u00f3nio de arte rupestre. Entrevistando interlocutores de diversas disciplinas cient\u00edficas, trocando ideias e promovendo encontros com a popula\u00e7\u00e3o escolar e grupos da sociedade civil, procuram entender as raz\u00f5es que levam a esp\u00e9cie humana a construir objetos art\u00edsticos.\n<\/p>\n\n\n\n\n\n\n\n<strong>CONCERTO COMENTADO | WEBIS\u00d3DIOS DOCUMENTAIS | MASTERCLASS<\/strong>\n\n\n\n\n\n\n\n<p style=\"text-align: justify; color: white; font-family: Roboto; font-size: small;\"><br><br><br><br><br><br>\nDura\u00e7\u00e3o: cerca de 1h<br>\nP\u00fablico: dos 7 aos 77<br>\nLota\u00e7\u00e3o: sem limite, consoante dimens\u00e3o da sala.\n<\/p>\n\n\n\n\n\n\n\n\n\n\n\n\n\n\n\n<strong>FICHA ART\u00cdSTICA<\/strong><br>projeto de <strong>ANT\u00d3NIO JORGE GON\u00c7ALVES <\/strong>e <strong>FILIPE RAPOSO | <\/strong>desenho digital em tempo rea<strong>l <\/strong><strong>ANT\u00d3NIO JORGE GON\u00c7ALVES | <\/strong>piano <strong>FILIPE RAPOSO <\/strong><strong>| <\/strong>produ\u00e7\u00e3o <strong>NUNO PRATAS\/CULTURPROJECT | <\/strong>apoios <strong>DGARTES\/REP\u00daBLICA PORTUGUESA MC Cultura, FUNDA\u00c7\u00c3O DO VALE DO C\u00d4A, CIBIO-InBIO\/UNIVERSIDADE DO PORTO, CRIA-CENTRO EM REDE DE INVESTIGA\u00c7\u00c3O EM ANTROPOLOGIA<\/strong><strong><br><\/strong>\n\n\n\n\n\n\n\n\n\n<span style=\"font-family:Roboto;\"><strong>ON TOUR<\/strong><\/span>\n<p><span style=\"font-family:Roboto;\"><span style=\"font-size:small;\"><strong>2024<\/strong><\/span><\/span><br><\/p>\n\n\n\n\n<span style=\"font-size:large;\"><span style=\"font-family:Roboto;\"><p style=\"color:white;\">BIRTH OF ART<span style=\"background-color:#000000;\"><br><\/span><\/p><\/span><\/span>\n\n\n<span style=\"font-size:small;\"><strong>26 OUT<\/strong> | TEATRO LETHES<\/span><span style=\"font-size:small;\">, <\/span><span style=\"font-size:small;\">Faro<\/span><strong><span style=\"font-size:small;\"><br><\/span><\/strong>","protected":false},"excerpt":{"rendered":"","protected":false},"author":1,"featured_media":0,"parent":1084,"menu_order":0,"comment_status":"closed","ping_status":"closed","template":"","meta":{"pagelayer_contact_templates":[],"_pagelayer_content":"","footnotes":""},"class_list":["post-388","page","type-page","status-publish","hentry"],"_links":{"self":[{"href":"https:\/\/antn.pt\/en\/wp-json\/wp\/v2\/pages\/388","targetHints":{"allow":["GET"]}}],"collection":[{"href":"https:\/\/antn.pt\/en\/wp-json\/wp\/v2\/pages"}],"about":[{"href":"https:\/\/antn.pt\/en\/wp-json\/wp\/v2\/types\/page"}],"author":[{"embeddable":true,"href":"https:\/\/antn.pt\/en\/wp-json\/wp\/v2\/users\/1"}],"replies":[{"embeddable":true,"href":"https:\/\/antn.pt\/en\/wp-json\/wp\/v2\/comments?post=388"}],"version-history":[{"count":0,"href":"https:\/\/antn.pt\/en\/wp-json\/wp\/v2\/pages\/388\/revisions"}],"up":[{"embeddable":true,"href":"https:\/\/antn.pt\/en\/wp-json\/wp\/v2\/pages\/1084"}],"wp:attachment":[{"href":"https:\/\/antn.pt\/en\/wp-json\/wp\/v2\/media?parent=388"}],"curies":[{"name":"wp","href":"https:\/\/api.w.org\/{rel}","templated":true}]}}