{"id":898,"date":"2025-12-14T12:39:35","date_gmt":"2025-12-14T12:39:35","guid":{"rendered":"https:\/\/antn.pt\/?page_id=898"},"modified":"2026-02-19T22:20:20","modified_gmt":"2026-02-19T22:20:20","slug":"concorda","status":"publish","type":"page","link":"https:\/\/antn.pt\/en\/projetos\/festival-la-1\/concorda\/","title":{"rendered":"Concorda"},"content":{"rendered":"<h4>LA-1 FESTIVAL<br><\/h4>\n<h4><span style=\"font-size: large;\"><p style=\"color:#7f747487;\"><strong>1\u00aa EDI\u00c7\u00c3O | 20 a 22 fev 2026 | GR\u00c2NDOLA<\/strong><\/p><\/span><\/h4>\n\n\n\n\n\n<span style=\"color:#000000;\"><p style=\"text-align:left\"><span style=\"font-size:small;\">CIRCO CONTEMPOR\u00c2NEO | DAN\u00c7A&nbsp;<strong><br>SEXTA, 20 FEV 2026 | 14H30<\/strong><br>PARQUE DE FEIRAS E EXPOSI\u00c7\u00d5ES, GR\u00c2NDOLA<br>M\/6 | ENTRADA LIVRE<br>40 MINUTOS<\/span><\/p><\/span>\n\n\n<p style=\"text-align: justify; color:black;font-family: Roboto; font-size: small;\"><strong>CONCORDA<\/strong><strong><br><br>ConCorda <\/strong>\u00e9 um espet\u00e1culo multidisciplinar, que recorre a t\u00e9cnicas de movimento, manipula\u00e7\u00e3o de objetos e teatro f\u00edsico. Uma viagem atrav\u00e9s da manipula\u00e7\u00e3o de cordas e movimento. A corda como s\u00edmbolo de conex\u00e3o, v\u00ednculo e uni\u00e3o. Corda que abra\u00e7a com ternura, levando a uma troca emocional que transcende o materialismo. Uma vez esticada, cria uma vibra\u00e7\u00e3o que se espalha al\u00e9m da pr\u00f3pria corda. Corda em tens\u00e3o e distens\u00e3o. Que amarra e desamarra. Que envolve, solta ou agarra. Num jogo de for\u00e7as din\u00e2micas. El\u00e1stico, magn\u00e9tico, gravidade, peso e contrapeso. Um alternar entre o suspenso e a quase queda. No equil\u00edbrio por um fio.\n<br>A corda conta-nos que toda a a\u00e7\u00e3o est\u00e1 atada a uma rea\u00e7\u00e3o. A grandiosidade n\u00e3o est\u00e1 no seu comprimento, mas na efici\u00eancia de um n\u00f3, que quando bem dado, aperta justamente quando a corda estica. Uma vez estendida, faz nascer uma vibra\u00e7\u00e3o no peito que se propaga at\u00e9 aos cora\u00e7\u00f5es e os faz entrar em resson\u00e2ncia e sincronia perfeitas.<br><br>\nCaminhando sobre a corda bamba experienciamos a arte que \u00e9 viver, equilibrando-nos com sabedoria entre o sonho e a realidade.<\/p>\n<p style=\"text-align: justify; color:black;font-family: Roboto; font-size: small;\"><strong>COMPANHIA CONCORDA<\/strong><br><br>Nascida em 2022, com sede em Lisboa, ConCorda \u00e9 uma companhia de circo contempor\u00e2neo, que por meio de t\u00e9cnicas de circo, movimento e teatro f\u00edsico, busca transcender as fronteiras tradicionais das disciplinas art\u00edsticas.\nPretende ressoar com o p\u00fablico, levar \u00e0 identifica\u00e7\u00e3o, tecer po\u00e9ticas, convidar \u00e0 sensibilidade, enquanto celebra a beleza e a complexidade da vida. Abra\u00e7a a tradi\u00e7\u00e3o \u00e9 f\u00e1-la dan\u00e7ar com a express\u00e3o contempor\u00e2nea. D\u00e1 corpo a temas de cariz universal, de interesse cultural e humano.\nNo \u00e2mbito da sua atividade recebeu o Pr\u00e9mio Imaginarius Mais e o Pr\u00e9mio de Teatro na Mostra Nacional de Jovens Criadores.<\/p>\n\n\n\n\n\n\n\n\n\n\n\n\n\n<p style=\"text-align:justify; text-justify:inter-word; margin:0; line-height:1;\">\n<span style=\"color:#000000; font-size: 10px;\">cria\u00e7\u00e3o, encena\u00e7\u00e3o e interpreta\u00e7\u00e3o <strong>CATARINA GAMEIRO e MARIANA FRAZ\u00c3O<\/strong> | composi\u00e7\u00e3o, interpreta\u00e7\u00e3o e produ\u00e7\u00e3o musical <strong>DENYS STETSENKO<\/strong> | interpreta\u00e7\u00e3o musical<strong> DANYLO KLIUTSKO <\/strong>(kobza) e<strong> EVA PARMENTER <\/strong>(concertina) | masteriza\u00e7\u00e3o <strong>MARGARYTA KULICHOVA <\/strong>e <strong>SOUND FORCE STUDIO<\/strong> | fotografia e v\u00eddeo promocionais <strong>CAROLINA FRAZ\u00c3O | <\/strong>fotografia de cena <strong>BRUNO SANTOS <\/strong>e <strong>ALF OROZCO | <\/strong>teaser <strong>ALF OROZCO<\/strong><br><br>apoios <strong>SAFRA LX, EST\u00daDIO JO\u00c3O FRAZ\u00c3O, LX JOVEM, NAVITA, SICOR, Sociedade Industrial de Cordoaria S.A., CENTRO CULTURAL DA MALAPOSTA, MINUTOS REDONDOS, C\u00c2MARA MUNICIPAL DE ODIVELAS, ANTEP\u00c9MONOS BAILANDO, Resid\u00eancias Art\u00edsticas e Investigaci\u00f3n<\/strong><\/span><\/p>\n\n\n\n\n\n\n\n\n\n\n<span style=\"font-size:small;\"><span style=\"\"><span data-pts=\"\">Sem texto<\/span><\/span><\/span>\n<span style=\"font-size:small;\"><span style=\"\"><span data-pts=\"\">Acess\u00edvel a todos<\/span><\/span><\/span>\n\n\n\n\n\n\n\n\n\n\n\n\n\n\n\n\n\n<div pagelayer-id=\"jlk8679\" class=\"p-jlk8679 pagelayer-video pagelayer-ele\" pagelayer-tag=\"pl_video\"><!-- {\"attr\":{\"src\":\"\",\"video_ratio\":\"aspect-8-5\",\"overlay\":\"true\",\"video_overlay_image\":250,\"play_icon\":\"fas fa-play-circle\",\"icon_color\":\"#74c493ff\",\"icon_size\":\"80\"},\"tmp\":{\"video_overlay_image-full-url\":\"https:\/\/antn.pt\/wp-content\/uploads\/2024\/10\/6_cieLimmediate.jpg\",\"video_overlay_image-thumbnail-url\":\"https:\/\/antn.pt\/wp-content\/uploads\/2024\/10\/6_cieLimmediate-150x150.jpg\",\"video_overlay_image-medium-url\":\"https:\/\/antn.pt\/wp-content\/uploads\/2024\/10\/6_cieLimmediate-300x200.jpg\",\"video_overlay_image-medium_large-url\":\"https:\/\/antn.pt\/wp-content\/uploads\/2024\/10\/6_cieLimmediate-768x512.jpg\",\"video_overlay_image-large-url\":\"https:\/\/antn.pt\/wp-content\/uploads\/2024\/10\/6_cieLimmediate-1024x683.jpg\",\"video_overlay_image-1536x1536-url\":\"https:\/\/antn.pt\/wp-content\/uploads\/2024\/10\/6_cieLimmediate.jpg\",\"video_overlay_image-2048x2048-url\":\"https:\/\/antn.pt\/wp-content\/uploads\/2024\/10\/6_cieLimmediate.jpg\",\"video_overlay_image-url\":\"https:\/\/antn.pt\/wp-content\/uploads\/2024\/10\/6_cieLimmediate.jpg\",\"video_overlay_image-alt\":\"LA L\u00c9VITATION R\u00c9ELLE\",\"video_overlay_image-title\":\"LA L\u00c9VITATION R\u00c9ELLE\",\"video_overlay_image-link\":\"https:\/\/antn.pt\/6_cielimmediate\/\",\"video_overlay_image-caption\":\"\",\"ele_id\":\"jlk8679\"}} -->\n<div class=\"pagelayer-video-holder pagelayer-video-aspect-8-5\">\n\t\t\t\n\t\t\t\n\t\t\t\t<div class=\"pagelayer-video-overlay\" style=\"background-image:url(https:\/\/antn.pt\/wp-content\/uploads\/2024\/10\/6_cieLimmediate.jpg);\">\n\t\t\t\t\t<i class=\"fas fa-play-circle\" aria-hidden=\"true\"><\/i>\n\t\t\t\t<\/div>\n\t\t\t\n\t\t<\/div><\/div>\n\n\n\n\n\n\n\n\n\n\n\n\n\n\n\n\n\n<p style=\"text-align: justify; color:black;font-family: Roboto; font-size: small;\"><strong>OFICINA LINHAS DO ENCONTRO<br><\/strong><br>Nesta oficina vamos explorar a conex\u00e3o &#8211; individual, entre pares e coletiva &#8211; atrav\u00e9s de experi\u00eancias f\u00edsicas e sensoriais que despertam a presen\u00e7a e a escuta ativa, por meio de exerc\u00edcios de movimento com cordas e varas, como extens\u00f5es do corpo, para investigar peso e contrapeso, for\u00e7a, equil\u00edbrio e apoio m\u00fatuo. Num ambiente seguro e descontra\u00eddo, deixamos que o corpo tome a dianteira, guiando-nos por gestos e din\u00e2micas que falar\u00e3o mais do que a voz. Uma proposta pr\u00e1tica, sens\u00edvel e colaborativa, onde o movimento se torna a linguagem principal.<br><span style=\"font-variant:small-caps; font-variant-caps:small-caps;\">Monitoras <strong>catarina gameiro e mariana fraz\u00e3o<\/strong><\/span><\/p>\n<span style=\"color:#000000;\"><p style=\"text-align:right\"><span style=\"font-size:small;\"><span style=\"\">Parque de Feiras e Exposi\u00e7\u00f5es, Gr\u00e2ndola<strong><br>sexta, 20 Fev 2026 | 10H30<\/strong><br>lota\u00e7\u00e3o m\u00e1xima 20 participantes | \nm\/6 | 90 minutos<\/span><\/span><\/p><\/span>\n<p style=\"text-align: right; color: rgb(136, 136, 136); font-family: Roboto; font-size: 11px;\">ou copie o nosso endere\u00e7o de email : oficinas.antn@gmail.com<\/p>\n\n\n\n\n\n\n\n\n\n\n<p style=\"text-align: justify; color:black;font-family: Roboto; font-size: small;\"><strong>CATARINA GAMEIRO<br><\/strong>Artista multidisciplinar, natural de Lisboa. Desenvolve um trabalho cont\u00ednuo na pesquisa e desenvolvimento das artes e of\u00edcios, para as colocar ao dispor da cria\u00e7\u00e3o. Formada em Interpreta\u00e7\u00e3o e Anima\u00e7\u00e3o Circenses, Clown, Teatro F\u00edsico, Kamishibai, Storytelling, Desenho de Cenografia e Ilumina\u00e7\u00e3o C\u00e9nica. No seu percurso, integra produ\u00e7\u00f5es do Chapit\u00f4, Companhia da Esquina, Circo Nacional de Puerto Rico, Companhia PIA, Trupilariante e Circo Matem\u00e1tico &#8211; apresentando-se em cen\u00e1rios nacionais e internacionais. Cofundadora da companhia Circo Teatro Bandada (Porto Rico), onde se destaca a itiner\u00e2ncia de espet\u00e1culos em contexto de crise humanit\u00e1ria, ap\u00f3s a passagem dos furac\u00f5es Irma e Maria. Cofundadora da Companhia ConCorda, dedicada a explorar a simbiose entre o circo, o teatro e a dan\u00e7a &#8211; ao servi\u00e7o de criar espet\u00e1culos de interesse cultural e humano.<br><br>\n<strong>MARIANA FRAZ\u00c3O<\/strong><br>\nArtista multidisciplinar, natural de Lisboa. Desenvolve um trabalho cont\u00ednuo na pesquisa e desenvolvimento das artes e of\u00edcios, para as colocar ao dispor da cria\u00e7\u00e3o. Formada em Interpreta\u00e7\u00e3o e Anima\u00e7\u00e3o Circenses, Clown, Teatro F\u00edsico, Kamishibai, Storytelling, Desenho de Cenografia e Ilumina\u00e7\u00e3o C\u00e9nica. No seu percurso, integra produ\u00e7\u00f5es do Chapit\u00f4, Companhia da Esquina, Circo Nacional de Puerto Rico, Companhia PIA, Trupilariante e Circo Matem\u00e1tico &#8211; apresentando-se em cen\u00e1rios nacionais e internacionais. Cofundadora da companhia Circo Teatro Bandada (Porto Rico), onde se destaca a itiner\u00e2ncia de espet\u00e1culos em contexto de crise humanit\u00e1ria, ap\u00f3s a passagem dos furac\u00f5es Irma e Maria. Cofundadora da Companhia ConCorda, dedicada a explorar a simbiose entre o circo, o teatro e a dan\u00e7a &#8211; ao servi\u00e7o de criar espet\u00e1culos de interesse cultural e humano.<\/p>\n\n\n\n\n\n\n\n\n<p style=\"font-size: x-small; text-align: center;\"><strong>FINANCIADO POR<\/strong><\/p>\n\n\n\n\n\n\n\n\n\n\n\n\n\n\n\n\n\n<p style=\"font-size: x-small; text-align: center;\"><strong>COM O APOIO DE<\/strong><\/p>\n\n\n\n\n\n\n\n\n<p style=\"font-size: x-small; text-align: center;\"><strong>PARCEIROS<\/strong><\/p>","protected":false},"excerpt":{"rendered":"","protected":false},"author":1,"featured_media":0,"parent":245,"menu_order":0,"comment_status":"closed","ping_status":"closed","template":"","meta":{"pagelayer_contact_templates":[],"_pagelayer_content":"","footnotes":""},"class_list":["post-898","page","type-page","status-publish","hentry"],"_links":{"self":[{"href":"https:\/\/antn.pt\/en\/wp-json\/wp\/v2\/pages\/898","targetHints":{"allow":["GET"]}}],"collection":[{"href":"https:\/\/antn.pt\/en\/wp-json\/wp\/v2\/pages"}],"about":[{"href":"https:\/\/antn.pt\/en\/wp-json\/wp\/v2\/types\/page"}],"author":[{"embeddable":true,"href":"https:\/\/antn.pt\/en\/wp-json\/wp\/v2\/users\/1"}],"replies":[{"embeddable":true,"href":"https:\/\/antn.pt\/en\/wp-json\/wp\/v2\/comments?post=898"}],"version-history":[{"count":27,"href":"https:\/\/antn.pt\/en\/wp-json\/wp\/v2\/pages\/898\/revisions"}],"predecessor-version":[{"id":1961,"href":"https:\/\/antn.pt\/en\/wp-json\/wp\/v2\/pages\/898\/revisions\/1961"}],"up":[{"embeddable":true,"href":"https:\/\/antn.pt\/en\/wp-json\/wp\/v2\/pages\/245"}],"wp:attachment":[{"href":"https:\/\/antn.pt\/en\/wp-json\/wp\/v2\/media?parent=898"}],"curies":[{"name":"wp","href":"https:\/\/api.w.org\/{rel}","templated":true}]}}