{"id":907,"date":"2025-05-02T14:55:30","date_gmt":"2025-05-02T14:55:30","guid":{"rendered":"https:\/\/antn.pt\/?page_id=907"},"modified":"2026-02-14T15:13:41","modified_gmt":"2026-02-14T15:13:41","slug":"la-levitation-reelle","status":"publish","type":"page","link":"https:\/\/antn.pt\/en\/projetos\/festival-la-1\/la-levitation-reelle\/","title":{"rendered":"La L\u00e9vitation R\u00e9elle"},"content":{"rendered":"\n\n\n<h4>FESTIVAL LA-1<br><\/h4>\n<h4><span style=\"font-size: large;\"><p style=\"color:#7f747487;\"><strong>1\u00aa EDI\u00c7\u00c3O | 20 a 22 fev 2026 | GR\u00c2NDOLA<\/strong><br><\/p><\/span><\/h4>\n\n\n\n\n\n<span style=\"color:#000000;\"><p style=\"text-align:left\"><span style=\"font-size:small;\">CIRCO CONTEMPOR\u00c2NEO | ACROBACIA<strong><br>DOMINGO, 22 FEV 2026 | 14H30 | 15H00 | 15H30<\/strong><br>JARDIM 1\u00ba DE MAIO, GR\u00c2NDOLA<br>TODOS OS P\u00daBLICOS | ENTRADA LIVRE<br>3 SESS\u00d5ES DE 10 MINUTOS<\/span><\/p><\/span>\n\n\n<p style=\"text-align: justify; color:black;font-family: Roboto; font-size: small;\"><strong>LA L\u00c9VITATION R\u00c9ELLE<\/strong><strong><br><\/strong><br>Temos o h\u00e1bito de associar a vertigem \u00e0 queda, mas quando o ch\u00e3o j\u00e1 n\u00e3o nos sustenta, quando este nos abandona, quando os nossos p\u00e9s j\u00e1 n\u00e3o conseguem repousar sobre ele, o vazio torna-se incessante e infinito. A vertigem \u00e9 aquilo que procuramos incessantemente ao tentar evit\u00e1-lo. Aqui, trata-se de nunca contrariar a ilus\u00e3o que ocorre sozinha, por cont\u00e1gio, gra\u00e7as a uma escrita que se dirige diretamente ao corpo, sem truques, e que o corpo acredita por si mesmo. Ap\u00f3s v\u00e1rias tentativas de encontrar uma sensa\u00e7\u00e3o extremamente contagiante, uma equipa coloca a sua t\u00e9cnica f\u00edsica ao servi\u00e7o de uma aus\u00eancia de peso para se manifestar no espa\u00e7o p\u00fablico (espa\u00e7o onde o p\u00fablico n\u00e3o \u00e9 p\u00fablico antes da pe\u00e7a acontecer).<\/p>\n<p style=\"text-align: justify; color:black;font-family: Roboto; font-size: small;\"><strong>L&#8217;IMM\u00c9DIAT [FR]<\/strong><br><br>O imediato nunca come\u00e7a, nunca p\u00e1ra, est\u00e1 em todo o lado ao mesmo tempo, sempre fora de tempo, polim\u00f3rfico e instant\u00e2neo, inating\u00edvel e monstruoso. O imediato \u00e9 o nome (quase imediatamente apagado) do nosso grupo e da nossa aventura art\u00edstica. O im&#8230; mm&#8230; diz-se sempre tarde demais para ser dito realmente, como sempre falhado de antem\u00e3o. Equipamo-nos para um naufr\u00e1gio, trabalhamos para falhar, lentamente, meticulosamente, conscientes (\u00e0s vezes, de repente) de jogar com o imposs\u00edvel.\nA Cie L\u2019Imm\u00e9diat cria obras de todos os g\u00e9neros, principalmente obras de artes performativas, a acontecer de verdade, com o verdadeiro e o verdadeiro com o falso. Mas recentemente tamb\u00e9m se lan\u00e7ou no cinema, na instala\u00e7\u00e3o de arte e em todo o tipo de obras que saem dos formatos habituais. Misturando tudo, tecendo, soldando, escrevendo tudo, florescendo, transbordando, falhando, n\u00e3o conseguindo evitar.<\/p>\n\n\n\n\n\n\n\n\n\n\n\n\n\n<p style=\"text-align:justify; text-justify:inter-word; margin:0; line-height:1;\">\n<span style=\"color:#000000; font-size: 10px;\">dramaturgia e coreografia <strong>CAMILLE BOITEL<\/strong> | assist\u00eancia de encena\u00e7\u00e3o e olhar exterior <strong>S\u00c8VE BERNARD<\/strong> | interpreta\u00e7\u00e3o na cria\u00e7\u00e3o&nbsp;<strong>HEMDA BEN ZVI, CAMILLE BOITEL, VINCENT BRIERE, TUK FREDERIKSEN<\/strong> e <strong>VOLEAK UNG<\/strong> em altern\u00e2ncia com <strong>LUCA BERNINI, ENRICO FERLUGA, CHLO\u00c9 LACIRE, \u00c0FRICA LLORENS, MARIA CELESTE MENDOZI, JOHNSON SAINT-F\u00c9LIX<\/strong> e <strong>MAXIME SEGHERS<\/strong> | m\u00fasicos em altern\u00e2ncia <strong>CAMILLE BOITEL, MARIELLE CHATAIN <\/strong>e<strong> NAHUEL MENENDEZ<\/strong> | desenho de luz <strong>HUGO OUDIN<\/strong> | dire\u00e7\u00e3o t\u00e9cnica <strong>ST\u00c9PHANE GRAILLOT<\/strong> | difus\u00e3o, produ\u00e7\u00e3o, administra\u00e7\u00e3o&nbsp;<strong>CHLO\u00c9 BODIN, AGATHE FONTAINE<\/strong> e <strong>ELSA LEMOINE<\/strong><br><br> produ\u00e7\u00e3o <strong>L&#8217;IMM\u00c9DIAT<\/strong> | coprodu\u00e7\u00e3o <strong>ALLES ATELIERS FRAPPAZ, CENTRE NATIONAL DES ARTS DE LA RUE ET DANS L\u2019ESPACE PUBLIC, VILLEURBANNE \/ L\u2019ABATTOIR, CENTRE NATIONAL DES ARTS DE LA RUE \u2013 POLE ARTS DE LA RUE DE CHALON-SUR-SAONE \/ LE FOURNEAU, CENTRE NATIONAL DES ARTS DE LA RUE ET DE L&#8217;ESPACE PUBLIC \/ LIEUX PUBLICS, CENTRE NATIONAL DE CREATION POUR L\u2019ESPACE PUBLIC DE MARSEILLE \/ GROUPE GESTE(S) \/ CIRCA, POLE NATIONAL CIRQUE, AUCH GERS OCCITANIE \/ LA VERRERIE D\u2019ALES, POLE NATIONAL CIRQUE OCCITANIE \/ THEATRE VICTOR HUGO, SCENE DES ARTS DU GESTES DE BAGNEUX, EPT VALLEE SUD GRAND PARIS \/ \u00c9QUINOXE, SCENE NATIONALE DE CHATEAUROUX<\/strong> | com o apoio de <strong>FONDOC, de Montpellier Danse et des Hivernales d\u2019Avignon<\/strong><br><br>\n<strong>&#8220;LA L\u00c9VITATION R\u00c9ELLE&#8221;<\/strong> foi laureado nos Plateaux du Groupe Geste(s) em 2021.<br>\nA <strong>L\u2019IMM\u00c9DIAT<\/strong> \u00e9 convencionada pelo Minist\u00e9rio da Cultura \u2013 DRAC \u00cele-de-France e recebe o apoio da Regi\u00e3o \u00cele-de-France no \u00e2mbito dos apoios \u00e0 perman\u00eancia art\u00edstica.<br>\nA <strong>L\u2019IMM\u00c9DIAT<\/strong> beneficia do apoio da Funda\u00e7\u00e3o BNP Paribas para o desenvolvimento dos seus projetos.<\/span><\/p>\n\n\n\n\n\n\n\n\n\n\n<span style=\"font-size:small;\"><span style=\"\"><span data-pts=\"\">Sem texto<\/span><\/span><\/span>\n<span style=\"font-size:small;\"><span style=\"\"><span data-pts=\"\">Acess\u00edvel a todos<\/span><\/span><\/span>\n\n\n\n\n\n\n\n\n\n\n\n\n\n\n\n\n\n<div pagelayer-id=\"jlk8679\" class=\"p-jlk8679 pagelayer-video pagelayer-ele\" pagelayer-tag=\"pl_video\"><!-- {\"attr\":{\"src\":\"\",\"video_ratio\":\"aspect-8-5\",\"overlay\":\"true\",\"video_overlay_image\":250,\"play_icon\":\"fas fa-play-circle\",\"icon_color\":\"#74c493ff\",\"icon_size\":\"80\"},\"tmp\":{\"video_overlay_image-full-url\":\"https:\/\/antn.pt\/wp-content\/uploads\/2024\/10\/6_cieLimmediate.jpg\",\"video_overlay_image-thumbnail-url\":\"https:\/\/antn.pt\/wp-content\/uploads\/2024\/10\/6_cieLimmediate-150x150.jpg\",\"video_overlay_image-medium-url\":\"https:\/\/antn.pt\/wp-content\/uploads\/2024\/10\/6_cieLimmediate-300x200.jpg\",\"video_overlay_image-medium_large-url\":\"https:\/\/antn.pt\/wp-content\/uploads\/2024\/10\/6_cieLimmediate-768x512.jpg\",\"video_overlay_image-large-url\":\"https:\/\/antn.pt\/wp-content\/uploads\/2024\/10\/6_cieLimmediate-1024x683.jpg\",\"video_overlay_image-1536x1536-url\":\"https:\/\/antn.pt\/wp-content\/uploads\/2024\/10\/6_cieLimmediate.jpg\",\"video_overlay_image-2048x2048-url\":\"https:\/\/antn.pt\/wp-content\/uploads\/2024\/10\/6_cieLimmediate.jpg\",\"video_overlay_image-url\":\"https:\/\/antn.pt\/wp-content\/uploads\/2024\/10\/6_cieLimmediate.jpg\",\"video_overlay_image-alt\":\"LA L\u00c9VITATION R\u00c9ELLE\",\"video_overlay_image-title\":\"LA L\u00c9VITATION R\u00c9ELLE\",\"video_overlay_image-link\":\"https:\/\/antn.pt\/6_cielimmediate\/\",\"video_overlay_image-caption\":\"\",\"ele_id\":\"jlk8679\"}} -->\n<div class=\"pagelayer-video-holder pagelayer-video-aspect-8-5\">\n\t\t\t\n\t\t\t\n\t\t\t\t<div class=\"pagelayer-video-overlay\" style=\"background-image:url(https:\/\/antn.pt\/wp-content\/uploads\/2024\/10\/6_cieLimmediate.jpg);\">\n\t\t\t\t\t<i class=\"fas fa-play-circle\" aria-hidden=\"true\"><\/i>\n\t\t\t\t<\/div>\n\t\t\t\n\t\t<\/div><\/div>\n\n\n\n\n\n\n\n\n\n\n\n\n\n\n\n\n\n<p style=\"text-align: justify; color:black;font-family: Roboto; font-size: small;\"><strong>OFICINA DE ACROBACIA<\/strong><strong><br><\/strong><br>Um verdadeiro encontro com a acrobacia em fam\u00edlia. A experi\u00eancia do risco, da vertigem, da queda, a procura do equil\u00edbrio, o autoconhecimento, a concentra\u00e7\u00e3o e a resist\u00eancia.<br><span style=\"font-variant:small-caps; font-variant-caps:small-caps;\">Monitores <strong>vincent briere e maria celeste mendozi<\/strong><\/span><br><br><\/p>\n<span style=\"color:#000000;\"><p style=\"text-align:right\"><span style=\"color:#000000;\"><\/span><\/p><p style=\"text-align:right\"><span style=\"font-size:small;\"><span style=\"\">Parque de Feiras e Exposi\u00e7\u00f5es<\/span><\/span><span style=\"font-size:small;\"><strong>, Gr\u00e2ndola<br>s\u00e1bado, 21 fev 2026 | 18h30<\/strong><br> lota\u00e7\u00e3o m\u00e1xima 12 participantes | m\/12 | 60 minutos<\/span><\/p><\/span><p><\/p>\n\n<p style=\"text-align: right; color: rgb(136, 136, 136); font-family: Roboto; font-size: 11px;\">ou copie o nosso endere\u00e7o de email : oficinas.antn@gmail.com<\/p>\n\n\n\n\n\n\n\n\n\n<p style=\"text-align: justify; color:black;font-family: Roboto; font-size: small;\"><strong>MARIA CELESTE MENDOZI<\/strong><br>Artista de circo, bailarina e atriz, nascida na Argentina e residente em Fran\u00e7a desde 2019. Formou-se nas artes do movimento, no circo e no teatro na Argentina e no Brasil \n(UNA, Escolas Nacionais de Circo). Colabora h\u00e1 mais de quinze anos com \ncompanhias internacionais e \u00e9 atualmente int\u00e9rprete em \u00abLa L\u00e9vitation R\u00e9elle\u00bb (Camille Boitel, Cie L\u2019Imm\u00e9diat) e \u00abContre Nature\u00bb (Rachid Ouramdane, CDN Chaillot).<br><strong><br>VINCENT BRIERE<br><\/strong>Depois de se formar na \u00c9cole Nationale des Arts du Cirque de Rosny-sous-Bois, ingressa, em 2012, no CNAC, onde se especializa em m\u00e3o a m\u00e3o com Voleak Ung. Em 2015, interpreta o espet\u00e1culo de final de curso \u00abAvec vue sur la piste\u00bb, encenado por Alain Reynaud e Heinzi Lorenzen. Junta-se \u00e0 companhia Libertivore, de Fanny Soriano, com a qual colabora nos projetos \u00abPhasmes\u00bb em 2017 e \u00abFractales\u00bb em 2019. Em 2021, integra a equipa do espet\u00e1culo \u00abLes Hauts Plateaux\u00bb, encenado por Mathurin Bolze \u2013 Compagnie MPTA. Em 2022, participa na cria\u00e7\u00e3o do espet\u00e1culo \u00abLa L\u00e9vitation R\u00e9elle\u00bb da Cie L\u2019Imm\u00e9diat. Em 2023, cria o espet\u00e1culo \u00ab\u00c0 Tout Rompre\u00bb com o W.A.S Groupe.<\/p>\n\n\n\n\n\n\n\n\n<p style=\"font-size: x-small; text-align: center;\"><strong>FINANCIADO POR<\/strong><\/p>\n\n\n\n\n\n\n\n\n\n\n\n\n\n\n\n\n\n<p style=\"font-size: x-small; text-align: center;\"><strong>COM O APOIO DE<\/strong><\/p>\n\n\n\n\n\n\n\n\n<p style=\"font-size: x-small; text-align: center;\"><strong>PARCEIROS<\/strong><\/p>\n\n\n\n\n\n\n\n\n\n\n\n\n","protected":false},"excerpt":{"rendered":"","protected":false},"author":1,"featured_media":0,"parent":245,"menu_order":0,"comment_status":"closed","ping_status":"closed","template":"","meta":{"pagelayer_contact_templates":[],"_pagelayer_content":"","footnotes":""},"class_list":["post-907","page","type-page","status-publish","hentry"],"_links":{"self":[{"href":"https:\/\/antn.pt\/en\/wp-json\/wp\/v2\/pages\/907","targetHints":{"allow":["GET"]}}],"collection":[{"href":"https:\/\/antn.pt\/en\/wp-json\/wp\/v2\/pages"}],"about":[{"href":"https:\/\/antn.pt\/en\/wp-json\/wp\/v2\/types\/page"}],"author":[{"embeddable":true,"href":"https:\/\/antn.pt\/en\/wp-json\/wp\/v2\/users\/1"}],"replies":[{"embeddable":true,"href":"https:\/\/antn.pt\/en\/wp-json\/wp\/v2\/comments?post=907"}],"version-history":[{"count":18,"href":"https:\/\/antn.pt\/en\/wp-json\/wp\/v2\/pages\/907\/revisions"}],"predecessor-version":[{"id":1953,"href":"https:\/\/antn.pt\/en\/wp-json\/wp\/v2\/pages\/907\/revisions\/1953"}],"up":[{"embeddable":true,"href":"https:\/\/antn.pt\/en\/wp-json\/wp\/v2\/pages\/245"}],"wp:attachment":[{"href":"https:\/\/antn.pt\/en\/wp-json\/wp\/v2\/media?parent=907"}],"curies":[{"name":"wp","href":"https:\/\/api.w.org\/{rel}","templated":true}]}}