{"id":917,"date":"2025-05-02T16:03:50","date_gmt":"2025-05-02T16:03:50","guid":{"rendered":"https:\/\/antn.pt\/?page_id=917"},"modified":"2026-02-19T22:21:21","modified_gmt":"2026-02-19T22:21:21","slug":"romeo-romeo-romeo","status":"publish","type":"page","link":"https:\/\/antn.pt\/en\/projetos\/festival-la-1\/romeo-romeo-romeo\/","title":{"rendered":"Romeo, Romeo, Romeo"},"content":{"rendered":"\n\n\n<h4>FESTIVAL LA-1<br><\/h4>\n<h4><span style=\"font-size: large;\"><p style=\"color:#7f747487;\"><strong>1\u00aa EDI\u00c7\u00c3O | 20 a 22 fev 2026 | GR\u00c2NDOLA<\/strong><br><\/p><\/span><\/h4>\n\n\n\n\n\n<span style=\"color:#000000;\"><p style=\"text-align:left\"><span style=\"font-size:small;\">DAN\u00c7A<strong><br>S\u00c1BADO, 21 FEV 2026 | 16H00<\/strong><br>PARQUE DE FEIRAS E EXPOSI\u00c7\u00d5ES, GR\u00c2NDOLA<br>TODOS OS P\u00daBLICOS | ENTRADA LIVRE<br>35 MINUTOS<\/span><\/p><\/span>\n\n\n<p style=\"text-align: justify; color:black;font-family: Roboto; font-size: small;\"><strong>ROMEO, ROMEO, ROMEO<\/strong><strong><br><\/strong><br>A dan\u00e7a \u00e9 um ritual de acasalamento. Mesmo hoje em dia, na era do Tinder e dos namoros online, a dan\u00e7a continua a desempenhar um papel central para muitos de n\u00f3s na hora de procurar um parceiro ou parceira. Esta pe\u00e7a, para quatro Romeus (sendo um deles uma mulher), explora a ideia da dan\u00e7a como uma emocionante e \u00edntima forma de cortejo. Cada um dos espectadores pode apropriar-se do papel de Julieta e testemunhar o esfor\u00e7o de cada bailarino para impressionar com a sua arte, charme, atletismo, virtuosismo e, \u00e0s vezes, nada mais do que um desespero escancarado. O p\u00fablico instala-se em c\u00edrculo, \u00e0 volta do espa\u00e7o c\u00e9nico, dividindo-o com os bailarinos. As rea\u00e7\u00f5es e impress\u00f5es de cada pessoa ficam vis\u00edveis a todos e o espectador passa a ser testemunha e personagem na performance que se apresenta.<\/p>\n<p style=\"text-align: justify; color:black;font-family: Roboto; font-size: small;\"><strong>JOSHUA MONTEN DANCE COMPANY [CH\/EUA]<\/strong><br><br>Joshua Monten nasceu perto de Nova Iorque e estudou literatura e antropologia na Duke University antes de come\u00e7ar os seus estudos em Dan\u00e7a. Como bailarino tem trabalhado com o Bern Ballett, Staatstheater N\u00fcrnberg, o Theater Freiburg, a \u00d6ff \u00d6ff Productions e a DA MOTUS! Tem trabalhado com core\u00f3grafos como Stijn Celis, Hofesh Shechter, Juha Marsalo, Doug Varone, Konstantinos Rigos e Tino Sehgal. Joshua Monten coreografa regularmente ballet, \u00f3pera, teatro e produ\u00e7\u00f5es de dan\u00e7a independente. Criou produ\u00e7\u00f5es para o Ballet National du Rhin, Op\u00e9ra National de Lorraine, Staatstheater N\u00fcrnberg, Gd\u00e1nsk Dance Festival, The Yard (USA), Kaserne Basel, Theater St. Gallen, Konzert Theater Bern, Zentrum Paul Klee e Art Basel. Tem trabalhos apresentados em esta\u00e7\u00f5es de televis\u00e3o como o Arte e a Mezzo e j\u00e1 foi visto por mais de 250 000 pessoas. Em 2012 Joshua Monten fundou a sua pr\u00f3pria companhia de dan\u00e7a, que tem apresentado ininterruptamente centenas de performances em festivais e teatros atrav\u00e9s da Europa, da \u00c1sia, e da Am\u00e9rica do Norte e do Sul.<\/p>\n\n\n\n\n\n\n\n\n\n\n\n\n\n<p style=\"text-align:justify; text-justify:inter-word; margin:0; line-height:1;\">\n<span style=\"color:#000000; font-size: 10px;\">coreografia <strong>JOSHUA MONTEN | <\/strong>dramaturgia <strong>GUY COOLS | <\/strong>bailarinos <strong>JOSHUA MONTEN, JACK WIGNALL, KONSTANTINOS KRANIDIOTIS, KATHARINA LUDWIG <\/strong>| desenho de cena <strong>ROMY SPRINGSGUTH<\/strong> | figurinos <strong>CATHERINE VOEFFRAY<\/strong> | desenho de luz <strong>MIRJAM BERGER<\/strong> | consultor musical <strong>MORITZ ALFONS<\/strong> | video <strong>YANNICK MOSIMANN<\/strong> | produ\u00e7\u00e3o <strong>TOUGH LOVE<\/strong> | fotografia <strong>BRIGITTE RAMSEYER, CHRISTIAN GLAUS, SALVATORE LUMIA, JIEL LEROY <\/strong>e<strong> JONNY KOPP<\/strong><\/span><\/p>\n\n\n\n\n\n\n\n\n\n\n<span style=\"font-size:small;\"><span style=\"\"><span data-pts=\"\">Sem texto<\/span><\/span><\/span>\n<span style=\"font-size:small;\"><span style=\"\"><span data-pts=\"\">Acess\u00edvel a todos<\/span><\/span><\/span>\n\n\n\n\n\n\n\n\n\n\n\n\n\n\n\n\n\n<div pagelayer-id=\"jlk8679\" class=\"p-jlk8679 pagelayer-video pagelayer-ele\" pagelayer-tag=\"pl_video\"><!-- {\"attr\":{\"src\":\"\",\"video_ratio\":\"aspect-8-5\",\"overlay\":\"true\",\"video_overlay_image\":250,\"play_icon\":\"fas fa-play-circle\",\"icon_color\":\"#74c493ff\",\"icon_size\":\"80\"},\"tmp\":{\"video_overlay_image-full-url\":\"https:\/\/antn.pt\/wp-content\/uploads\/2024\/10\/6_cieLimmediate.jpg\",\"video_overlay_image-thumbnail-url\":\"https:\/\/antn.pt\/wp-content\/uploads\/2024\/10\/6_cieLimmediate-150x150.jpg\",\"video_overlay_image-medium-url\":\"https:\/\/antn.pt\/wp-content\/uploads\/2024\/10\/6_cieLimmediate-300x200.jpg\",\"video_overlay_image-medium_large-url\":\"https:\/\/antn.pt\/wp-content\/uploads\/2024\/10\/6_cieLimmediate-768x512.jpg\",\"video_overlay_image-large-url\":\"https:\/\/antn.pt\/wp-content\/uploads\/2024\/10\/6_cieLimmediate-1024x683.jpg\",\"video_overlay_image-1536x1536-url\":\"https:\/\/antn.pt\/wp-content\/uploads\/2024\/10\/6_cieLimmediate.jpg\",\"video_overlay_image-2048x2048-url\":\"https:\/\/antn.pt\/wp-content\/uploads\/2024\/10\/6_cieLimmediate.jpg\",\"video_overlay_image-url\":\"https:\/\/antn.pt\/wp-content\/uploads\/2024\/10\/6_cieLimmediate.jpg\",\"video_overlay_image-alt\":\"LA L\u00c9VITATION R\u00c9ELLE\",\"video_overlay_image-title\":\"LA L\u00c9VITATION R\u00c9ELLE\",\"video_overlay_image-link\":\"https:\/\/antn.pt\/6_cielimmediate\/\",\"video_overlay_image-caption\":\"\",\"ele_id\":\"jlk8679\"}} -->\n<div class=\"pagelayer-video-holder pagelayer-video-aspect-8-5\">\n\t\t\t\n\t\t\t\n\t\t\t\t<div class=\"pagelayer-video-overlay\" style=\"background-image:url(https:\/\/antn.pt\/wp-content\/uploads\/2024\/10\/6_cieLimmediate.jpg);\">\n\t\t\t\t\t<i class=\"fas fa-play-circle\" aria-hidden=\"true\"><\/i>\n\t\t\t\t<\/div>\n\t\t\t\n\t\t<\/div><\/div>\n\n\n\n\n\n\n\n\n\n\n\n\n\n\n\n\n\n<p style=\"text-align: justify; color:black;font-family: Roboto; font-size: small;\"><strong>OFICINA DE DAN\u00c7A CONTEMPOR\u00c2NEA E MARCHA NUPCIAL<br><\/strong><br>O core\u00f3grafo <strong>Joshua Monten<\/strong> e o bailarino <strong>Konstantinos Kranidiotis<\/strong> v\u00e3o dinamizar uma oficina a partir de <strong>\u201cRomeo, Romeo, Romeo\u201d<\/strong>. A oficina come\u00e7ar\u00e1 com um breve aquecimento de dan\u00e7a contempor\u00e2nea. De seguida, o core\u00f3grafo apresentar\u00e1 os m\u00e9todos de trabalho utilizados na cria\u00e7\u00e3o de \u201cRomeo, Romeo, Romeo\u201d, que envolvem uma mistura de elementos de dan\u00e7a e de teatro. Os participantes ser\u00e3o convidados a explorar criativamente estes m\u00e9todos, tanto atrav\u00e9s de improvisa\u00e7\u00e3o como da composi\u00e7\u00e3o de novas sequ\u00eancias de movimento coreogr\u00e1fico. Ter\u00e3o ainda a oportunidade de aprender um excerto coreogr\u00e1fico do espet\u00e1culo.<br><span style=\"font-variant:small-caps; font-variant-caps:small-caps;\">Monitores <strong>joshua monten e konstantinos kranidiotis<\/strong><\/span><br><\/p>\n<span style=\"color:#000000;\"><p style=\"text-align:right\"><span style=\"font-size:small;\"><span style=\"\">Parque de Feiras e Exposi\u00e7\u00f5es<\/span><\/span><span style=\"font-size:small;\">, Gr\u00e2ndola<strong><br>s\u00e1bado, 21 fev 2026 | 17h00<\/strong><br>lota\u00e7\u00e3o m\u00e1xima 15 participantes | m\/16 | 90 minutos<\/span><\/p><\/span>\n\n<p style=\"text-align: right; color: rgb(136, 136, 136); font-family: Roboto; font-size: 11px;\">ou copie o nosso endere\u00e7o de email : oficinas.antn@gmail.com<\/p>\n\n\n\n\n\n\n\n\n\n<p style=\"text-align: justify; color:black;font-family: Roboto; font-size: small;\"><strong>JOSHUA MONTEN<br><\/strong>\u00c9 um core\u00f3grafo su\u00ed\u00e7o-americano, nascido em Nova Iorque. Estudou Literatura e Antropologia Cultural na Universidade de Duke antes de descobrir a dan\u00e7a aos 20 anos. Como bailarino, dan\u00e7ou no Bern Ballett, Stadttheater Heidelberg, \u00d6ff \u00d6ff Aerial Productions e DA MOTUS!. Trabalhou com core\u00f3grafos como Stijn Celis, Hofesh Shechter, Irina Pauls, Konstantinos Rigos e Tino Sehgal. Em 2012, fundou a sua pr\u00f3pria companhia, onde cria produ\u00e7\u00f5es de dan\u00e7a para espa\u00e7os interiores e exteriores, destinadas a p\u00fablicos muito diversos. A sua linguagem coreogr\u00e1fica \u00e9 atl\u00e9tica e l\u00fadica, musicalmente inventiva e emocionalmente envolvente. A companhia Joshua Monten apresentou mais de 1200 espet\u00e1culos em todo o mundo, em mais de 40 paises, incluindo no Th\u00e9\u00e2tre de la Ville, em Paris, no Festival Chalon Dans La Rue, no Swiss Contemporary Dance Days, no Krokusfestival Hasselt, no CIFCET, no Cairo, no Shanghai Contemporary Dance Center e em Sydney Opera House. \u00c9 professor na Bern University of the Arts.<br><strong><br>KONSTANTINOS KRANIDIOTIS<br><\/strong>Nasceu na Gr\u00e9cia onde praticou taekwondo, karat\u00e9 e kung fu durante 12 anos, antes de se dedicar \u00e0 dan\u00e7a. Fez a sua forma\u00e7\u00e3o em dan\u00e7a no Junior Ballet, em Bord\u00e9us e na Codarts, em Roterd\u00e3o. Dan\u00e7ou no Konzert Theater Bern, no Theater Osnabr\u00fcck, no Stadttheater Heidelberg e no Staatstheater Braunschweig. Trabalhou como freelancer com a companhia Meyer-Chaffaud e com os core\u00f3grafos Ann Van den Broek, Regina Van Berkel, Johannes Wielandt e Roy Assaf, e participou como bailarino no filme \u00abVlucht\u00bb, da core\u00f3grafa Krisztina de Ch\u00e2tel. Participou em muitas das produ\u00e7\u00f5es de Joshua Monten, incluindo \u201cJoy\u201d, \u201cKill Your Darlings\u201d, \u201cRomeo, Romeo, Romeo\u201d e \u201cThe Pursuit of Happiness.\u201d<\/p>\n\n\n\n\n\n\n\n\n<p style=\"font-size: x-small; text-align: center;\"><strong>FINANCIADO POR<\/strong><\/p>\n\n\n\n\n\n\n\n\n\n\n\n\n\n\n\n\n\n<p style=\"font-size: x-small; text-align: center;\"><strong>COM O APOIO DE<\/strong><\/p>\n\n\n\n\n\n\n\n\n<p style=\"font-size: x-small; text-align: center;\"><strong>PARCEIROS<\/strong><\/p>\n\n\n\n\n\n\n\n\n\n\n\n\n","protected":false},"excerpt":{"rendered":"","protected":false},"author":1,"featured_media":0,"parent":245,"menu_order":0,"comment_status":"closed","ping_status":"closed","template":"","meta":{"pagelayer_contact_templates":[],"_pagelayer_content":"","footnotes":""},"class_list":["post-917","page","type-page","status-publish","hentry"],"_links":{"self":[{"href":"https:\/\/antn.pt\/en\/wp-json\/wp\/v2\/pages\/917","targetHints":{"allow":["GET"]}}],"collection":[{"href":"https:\/\/antn.pt\/en\/wp-json\/wp\/v2\/pages"}],"about":[{"href":"https:\/\/antn.pt\/en\/wp-json\/wp\/v2\/types\/page"}],"author":[{"embeddable":true,"href":"https:\/\/antn.pt\/en\/wp-json\/wp\/v2\/users\/1"}],"replies":[{"embeddable":true,"href":"https:\/\/antn.pt\/en\/wp-json\/wp\/v2\/comments?post=917"}],"version-history":[{"count":13,"href":"https:\/\/antn.pt\/en\/wp-json\/wp\/v2\/pages\/917\/revisions"}],"predecessor-version":[{"id":1962,"href":"https:\/\/antn.pt\/en\/wp-json\/wp\/v2\/pages\/917\/revisions\/1962"}],"up":[{"embeddable":true,"href":"https:\/\/antn.pt\/en\/wp-json\/wp\/v2\/pages\/245"}],"wp:attachment":[{"href":"https:\/\/antn.pt\/en\/wp-json\/wp\/v2\/media?parent=917"}],"curies":[{"name":"wp","href":"https:\/\/api.w.org\/{rel}","templated":true}]}}